{"id":7010,"date":"2016-11-06T14:50:02","date_gmt":"2016-11-06T13:50:02","guid":{"rendered":"https:\/\/www.dimension-3.ch\/18dim3\/gleitschirm-schule\/"},"modified":"2019-03-04T17:20:51","modified_gmt":"2019-03-04T16:20:51","slug":"gleitschirm-schule","status":"publish","type":"page","link":"https:\/\/www.dimension-3.ch\/18dim3\/de\/gleitschirm-schule\/","title":{"rendered":"Gleitschirm-schule"},"content":{"rendered":"","protected":false},"excerpt":{"rendered":"","protected":false},"author":7,"featured_media":0,"parent":0,"menu_order":0,"comment_status":"closed","ping_status":"closed","template":"page-FullWidth.php","meta":[],"yoast_head":"<!-- This site is optimized with the Yoast SEO plugin v17.5 - https:\/\/yoast.com\/wordpress\/plugins\/seo\/ -->\n<title>Gleitschirm-schule<\/title>\n<meta name=\"robots\" content=\"noindex, follow\" \/>\n<meta property=\"og:locale\" content=\"de_DE\" \/>\n<meta property=\"og:type\" content=\"article\" \/>\n<meta property=\"og:title\" content=\"Gleitschirm-schule\" \/>\n<meta property=\"og:url\" content=\"https:\/\/www.dimension-3.ch\/18dim3\/de\/gleitschirm-schule\/\" \/>\n<meta property=\"og:site_name\" content=\"Dimension 3 | Vols biplace tandem et \u00e9cole de parapente \u00e0 Villars sur Ollon\" \/>\n<meta property=\"article:publisher\" content=\"https:\/\/www.facebook.com\/dimension3parapente\/\" \/>\n<meta property=\"article:modified_time\" content=\"2019-03-04T16:20:51+00:00\" \/>\n<meta property=\"og:image\" content=\"https:\/\/www.dimension-3.ch\/18dim3\/wp-content\/uploads\/170320-website-Dimension-3.png\" \/>\n\t<meta property=\"og:image:width\" content=\"1573\" \/>\n\t<meta property=\"og:image:height\" content=\"827\" \/>\n<meta name=\"twitter:card\" content=\"summary\" \/>\n<script type=\"application\/ld+json\" class=\"yoast-schema-graph\">{\"@context\":\"https:\/\/schema.org\",\"@graph\":[{\"@type\":\"WebSite\",\"@id\":\"https:\/\/www.dimension-3.ch\/18dim3\/#website\",\"url\":\"https:\/\/www.dimension-3.ch\/18dim3\/\",\"name\":\"Dimension 3 | Vols biplace tandem et \\u00e9cole de parapente \\u00e0 Villars sur Ollon\",\"description\":\"Tandemfl\\u00fcge und Gleitschirmschule in Villars-sur-Ollon\",\"potentialAction\":[{\"@type\":\"SearchAction\",\"target\":{\"@type\":\"EntryPoint\",\"urlTemplate\":\"https:\/\/www.dimension-3.ch\/18dim3\/?s={search_term_string}\"},\"query-input\":\"required name=search_term_string\"}],\"inLanguage\":\"de\"},{\"@type\":\"WebPage\",\"@id\":\"https:\/\/www.dimension-3.ch\/18dim3\/de\/gleitschirm-schule\/#webpage\",\"url\":\"https:\/\/www.dimension-3.ch\/18dim3\/de\/gleitschirm-schule\/\",\"name\":\"Gleitschirm-schule\",\"isPartOf\":{\"@id\":\"https:\/\/www.dimension-3.ch\/18dim3\/#website\"},\"datePublished\":\"2016-11-06T13:50:02+00:00\",\"dateModified\":\"2019-03-04T16:20:51+00:00\",\"breadcrumb\":{\"@id\":\"https:\/\/www.dimension-3.ch\/18dim3\/de\/gleitschirm-schule\/#breadcrumb\"},\"inLanguage\":\"de\",\"potentialAction\":[{\"@type\":\"ReadAction\",\"target\":[\"https:\/\/www.dimension-3.ch\/18dim3\/de\/gleitschirm-schule\/\"]}]},{\"@type\":\"BreadcrumbList\",\"@id\":\"https:\/\/www.dimension-3.ch\/18dim3\/de\/gleitschirm-schule\/#breadcrumb\",\"itemListElement\":[{\"@type\":\"ListItem\",\"position\":1,\"name\":\"Home\",\"item\":\"https:\/\/www.dimension-3.ch\/18dim3\/de\/\"},{\"@type\":\"ListItem\",\"position\":2,\"name\":\"Gleitschirm-schule\"}]}]}<\/script>\n<!-- \/ Yoast SEO plugin. -->","yoast_head_json":{"title":"Gleitschirm-schule","robots":{"index":"noindex","follow":"follow"},"og_locale":"de_DE","og_type":"article","og_title":"Gleitschirm-schule","og_url":"https:\/\/www.dimension-3.ch\/18dim3\/de\/gleitschirm-schule\/","og_site_name":"Dimension 3 | Vols biplace tandem et \u00e9cole de parapente \u00e0 Villars sur Ollon","article_publisher":"https:\/\/www.facebook.com\/dimension3parapente\/","article_modified_time":"2019-03-04T16:20:51+00:00","og_image":[{"width":1573,"height":827,"url":"https:\/\/www.dimension-3.ch\/18dim3\/wp-content\/uploads\/170320-website-Dimension-3.png","type":"image\/png"}],"twitter_card":"summary","schema":{"@context":"https:\/\/schema.org","@graph":[{"@type":"WebSite","@id":"https:\/\/www.dimension-3.ch\/18dim3\/#website","url":"https:\/\/www.dimension-3.ch\/18dim3\/","name":"Dimension 3 | Vols biplace tandem et \u00e9cole de parapente \u00e0 Villars sur Ollon","description":"Tandemfl\u00fcge und Gleitschirmschule in Villars-sur-Ollon","potentialAction":[{"@type":"SearchAction","target":{"@type":"EntryPoint","urlTemplate":"https:\/\/www.dimension-3.ch\/18dim3\/?s={search_term_string}"},"query-input":"required name=search_term_string"}],"inLanguage":"de"},{"@type":"WebPage","@id":"https:\/\/www.dimension-3.ch\/18dim3\/de\/gleitschirm-schule\/#webpage","url":"https:\/\/www.dimension-3.ch\/18dim3\/de\/gleitschirm-schule\/","name":"Gleitschirm-schule","isPartOf":{"@id":"https:\/\/www.dimension-3.ch\/18dim3\/#website"},"datePublished":"2016-11-06T13:50:02+00:00","dateModified":"2019-03-04T16:20:51+00:00","breadcrumb":{"@id":"https:\/\/www.dimension-3.ch\/18dim3\/de\/gleitschirm-schule\/#breadcrumb"},"inLanguage":"de","potentialAction":[{"@type":"ReadAction","target":["https:\/\/www.dimension-3.ch\/18dim3\/de\/gleitschirm-schule\/"]}]},{"@type":"BreadcrumbList","@id":"https:\/\/www.dimension-3.ch\/18dim3\/de\/gleitschirm-schule\/#breadcrumb","itemListElement":[{"@type":"ListItem","position":1,"name":"Home","item":"https:\/\/www.dimension-3.ch\/18dim3\/de\/"},{"@type":"ListItem","position":2,"name":"Gleitschirm-schule"}]}]}},"_links":{"self":[{"href":"https:\/\/www.dimension-3.ch\/18dim3\/de\/wp-json\/wp\/v2\/pages\/7010"}],"collection":[{"href":"https:\/\/www.dimension-3.ch\/18dim3\/de\/wp-json\/wp\/v2\/pages"}],"about":[{"href":"https:\/\/www.dimension-3.ch\/18dim3\/de\/wp-json\/wp\/v2\/types\/page"}],"author":[{"embeddable":true,"href":"https:\/\/www.dimension-3.ch\/18dim3\/de\/wp-json\/wp\/v2\/users\/7"}],"replies":[{"embeddable":true,"href":"https:\/\/www.dimension-3.ch\/18dim3\/de\/wp-json\/wp\/v2\/comments?post=7010"}],"version-history":[{"count":0,"href":"https:\/\/www.dimension-3.ch\/18dim3\/de\/wp-json\/wp\/v2\/pages\/7010\/revisions"}],"wp:attachment":[{"href":"https:\/\/www.dimension-3.ch\/18dim3\/de\/wp-json\/wp\/v2\/media?parent=7010"}],"curies":[{"name":"wp","href":"https:\/\/api.w.org\/{rel}","templated":true}]}}