{"id":6549,"date":"2016-11-06T20:53:37","date_gmt":"2016-11-06T19:53:37","guid":{"rendered":"https:\/\/www.dimension-3.ch\/18dim3\/booking-a-tandem-paragliding-flight-in-villars-sur-ollon-2\/"},"modified":"2019-03-02T15:37:16","modified_gmt":"2019-03-02T14:37:16","slug":"booking-a-tandem-paragliding-flight-in-villars-sur-ollon-2","status":"publish","type":"page","link":"https:\/\/www.dimension-3.ch\/18dim3\/en\/booking\/booking-a-tandem-paragliding-flight-in-villars-sur-ollon-2\/","title":{"rendered":"Booking tandem paragliding flight with gift voucher Dimension 3"},"content":{"rendered":"            <style type=\"text\/css\">\r\n                #content-block-background-1139 { background-image: url(); background-position: center top; background-repeat: no-repeat; background-color: #F7F7F7; background-attachment: fixed; background-size: auto; }\r\n                #content-block-body-1139 { padding: 40px 0; color: #848484; }\r\n                .content-block-body { margin-left: auto; margin-right: auto; position: relative; }\r\n            <\/style>\r\n                <style type=\"text\/css\">\r\n                    #wrapper-1 { overflow-x: hidden; }\r\n                    #content-block-background-1139 { margin: 0 -10000px; padding: 0 10000px; }\r\n                <\/style>\r\n            \r\n                \r\n            <div class=\"clear\"><\/div>\r\n            <div id=\"content-block-background-1139\" class=\"content-block-background class-name\">\r\n                <div id=\"content-block-body-1139\" class=\"content-block-body\">\r\n                    <div class=\"clear\"><\/div>\r\n                    \n<div class=\"one_half\">\n<h2 style=\"color: #848484; margin-top: 40px; font-size: 24px !important;\"><strong>Book <span style=\"color: #f95a09;\">with your Dimension 3 Gift Voucher<\/span><\/strong><\/h2>\n<div style=\"color: #848484; margin-top: 30px; font-size: 18px !important;\">You are the proud holder of <strong>a Dimension 3 gift voucher<\/strong> and you will book your two-seater paragliding flight. To organize this exceptional moment, please fill in the form below.<\/div>\n<\/div>\n<div class=\"one_half last_column\">\n<div style=\"padding: 10px 30px; margin: 10px; border: 1px solid #eaeaea; background-color:  #fdfdfd;\">\n<div style=\"margin-top: 20px; color: #848484; text-align: left; font-size: 20px;\">To be validated before booking:<\/div>\n<div style=\"text-align: left;\"><\/div>\n<ul>\n<li>Your Dimension 3 voucher must be valid on the day of the flight<\/li>\n<li>It is up to you to propose some dates according to your availability<\/li>\n<li>It is up to you to contact us the day before the date scheduled for the weather confirmation by calling +41 79 435 2123<\/li>\n<li>Location of the activity: Chablais vaudois ( Villars-sur-Ollon)<\/li>\n<li>Activity depends on weather conditions<\/li>\n<\/ul>\n<p>After reading, understanding and accepting the above points, you can complete the form below.<\/p>\n<\/div>\n<\/div>\n                    <div class=\"clear\"><\/div>\r\n                <\/div>\r\n            <\/div>\r\n            <div class=\"clear\"><\/div>\r\n\n            <style type=\"text\/css\">\r\n                #content-block-background-1419 { background-image: url(); background-position: center bottom; background-repeat: no-repeat; background-color: #1A2632; background-attachment: scroll; background-size: auto; }\r\n                #content-block-body-1419 { padding: 30px 0; color: #EEEEEE; }\r\n                .content-block-body { margin-left: auto; margin-right: auto; position: relative; }\r\n            <\/style>\r\n                <style type=\"text\/css\">\r\n                    #wrapper-1 { overflow-x: hidden; }\r\n                    #content-block-background-1419 { margin: 0 -10000px; padding: 0 10000px; }\r\n                <\/style>\r\n            \r\n                \r\n            <div class=\"clear\"><\/div>\r\n            <div id=\"content-block-background-1419\" class=\"content-block-background \">\r\n                <div id=\"content-block-body-1419\" class=\"content-block-body\">\r\n                    <div class=\"clear\"><\/div>\r\n                    \n<div style=\"text-align: center;\">\n<h4 style=\"margin-bottom: 20px;\"><span style=\"font-size: 38px; color: #ffffff; line-height: 1;\">Booking <\/span><span style=\"font-size: 38px; color: #f95700; ; line-height: 1;\">form<\/span><\/h4>\n<\/div>\n                    <div class=\"clear\"><\/div>\r\n                <\/div>\r\n            <\/div>\r\n            <div class=\"clear\"><\/div>\r\n\n<div class=\"clear\" style=\"margin: 30px 0;\"><\/div>\n            <style type=\"text\/css\">\r\n                #content-block-background-1762 { background-image: url(); background-position: center top; background-repeat: no; background-color: #ffffff; background-attachment: scroll; background-size: auto; }\r\n                #content-block-body-1762 { padding: 40px 0; color: #EEEEEE; }\r\n                .content-block-body { margin-left: auto; margin-right: auto; position: relative; }\r\n            <\/style>\r\n            \r\n                \r\n            <div class=\"clear\"><\/div>\r\n            <div id=\"content-block-background-1762\" class=\"content-block-background class-name\">\r\n                <div id=\"content-block-body-1762\" class=\"content-block-body\">\r\n                    <div class=\"clear\"><\/div>\r\n                    \n<link rel='stylesheet' id='formidable-css'  href='https:\/\/www.dimension-3.ch\/18dim3\/wp-content\/plugins\/formidable\/css\/formidableforms.css?ver=1151817' type='text\/css' media='all' \/>\n<div class=\"frm_forms  with_frm_style frm_style_style-formidable\" id=\"frm_form_15_container\" >\n<form enctype=\"multipart\/form-data\" method=\"post\" class=\"frm-show-form \" id=\"form_1ps1o2322\"  >\n<div class=\"frm_form_fields \">\n<fieldset>\n<legend class=\"frm_hidden\">Formulaire | Bons cadeau Dimensions 3 [EN]<\/legend>\r\n\r\n<div class=\"frm_fields_container\">\n<input type=\"hidden\" name=\"frm_action\" value=\"create\" \/>\n<input type=\"hidden\" name=\"form_id\" value=\"15\" \/>\n<input type=\"hidden\" name=\"frm_hide_fields_15\" id=\"frm_hide_fields_15\" value=\"\" \/>\n<input type=\"hidden\" name=\"form_key\" value=\"1ps1o2322\" \/>\n<input type=\"hidden\" name=\"item_meta[0]\" value=\"\" \/>\n<input type=\"hidden\" id=\"frm_submit_entry_15\" name=\"frm_submit_entry_15\" value=\"52ed754d3f\" \/><input type=\"hidden\" name=\"_wp_http_referer\" value=\"\/18dim3\/en\/wp-json\/wp\/v2\/pages\/6549\" \/><div id=\"frm_field_184_container\" class=\"frm_form_field form-field  frm_required_field frm_top_container frm_first frm_half\">\r\n    <label for=\"field_riicx43\" class=\"frm_primary_label\">First name\r\n        <span class=\"frm_required\">*<\/span>\r\n    <\/label>\r\n    <input type=\"text\" id=\"field_riicx43\" name=\"item_meta[184]\" value=\"\"  data-reqmsg=\"Ce champ est obligatoire.\" aria-required=\"true\" data-invmsg=\"Pr\u00e9nom est non valide\" aria-invalid=\"false\"  \/>\r\n    \r\n    \r\n<\/div>\n<div id=\"frm_field_185_container\" class=\"frm_form_field form-field  frm_required_field frm_top_container frm_first frm_half\">\r\n    <label for=\"field_pypc643\" class=\"frm_primary_label\">Name\r\n        <span class=\"frm_required\">*<\/span>\r\n    <\/label>\r\n    <input type=\"text\" id=\"field_pypc643\" name=\"item_meta[185]\" value=\"\"  data-reqmsg=\"Ce champ est obligatoire.\" aria-required=\"true\" data-invmsg=\"Nom est non valide\" aria-invalid=\"false\"  \/>\r\n    \r\n    \r\n<\/div>\n<div id=\"frm_field_186_container\" class=\"frm_form_field form-field  frm_required_field frm_top_container frm_first frm_half\">\r\n    <label for=\"field_zynl943\" class=\"frm_primary_label\">Email\r\n        <span class=\"frm_required\">*<\/span>\r\n    <\/label>\r\n    <input type=\"email\" id=\"field_zynl943\" name=\"item_meta[186]\" value=\"\"  data-reqmsg=\"Ce champ est obligatoire.\" aria-required=\"true\" data-invmsg=\"Adresse e-mail est non valide\" aria-invalid=\"false\"  \/>\r\n    \r\n    \r\n<\/div>\n<div id=\"frm_field_187_container\" class=\"frm_form_field form-field  frm_required_field frm_top_container frm_first frm_half\">\r\n    <label for=\"field_oa41943\" class=\"frm_primary_label\">Mobile phone number\r\n        <span class=\"frm_required\">*<\/span>\r\n    <\/label>\r\n    <input type=\"text\" id=\"field_oa41943\" name=\"item_meta[187]\" value=\"\"  data-reqmsg=\"Ce champ est obligatoire.\" aria-required=\"true\" data-invmsg=\"Num\u00e9ro de t\u00e9l\u00e9phone mobile est non valide\" aria-invalid=\"false\"  \/>\r\n    \r\n    \r\n<\/div>\n<div id=\"frm_field_188_container\" class=\"frm_form_field form-field  frm_top_container frm_first frm_half\">\r\n    <label for=\"field_wi2j843\" class=\"frm_primary_label\">Address: street\r\n        <span class=\"frm_required\"><\/span>\r\n    <\/label>\r\n    <input type=\"text\" id=\"field_wi2j843\" name=\"item_meta[188]\" value=\"\"  data-invmsg=\"Adresse : rue est non valide\" aria-invalid=\"false\"  \/>\r\n    \r\n    \r\n<\/div>\n<div id=\"frm_field_190_container\" class=\"frm_form_field form-field  frm_top_container frm_half\">\r\n    <label for=\"field_l8u0043\" class=\"frm_primary_label\">Address: city\r\n        <span class=\"frm_required\"><\/span>\r\n    <\/label>\r\n    <input type=\"text\" id=\"field_l8u0043\" name=\"item_meta[190]\" value=\"\"  data-invmsg=\"Adresse : ville est non valide\" aria-invalid=\"false\"  \/>\r\n    \r\n    \r\n<\/div>\n<div id=\"frm_field_191_container\" class=\"frm_form_field form-field  frm_required_field frm_top_container frm_first frm_third\">\r\n    <label for=\"field_zgtg03\" class=\"frm_primary_label\">Dimension3 Gift Voucher Code(s)\r\n        <span class=\"frm_required\">*<\/span>\r\n    <\/label>\r\n    <textarea name=\"item_meta[191]\" id=\"field_zgtg03\" rows=\"5\"  data-reqmsg=\"Ce champ est obligatoire.\" aria-required=\"true\" data-invmsg=\"Dimension3 Gift Voucher Code(s) is invalid\" aria-invalid=\"false\"  ><\/textarea>\r\n    \r\n    \r\n<\/div>\n<div id=\"frm_field_192_container\" class=\"frm_form_field form-field  frm_top_container frm_first frm_third\">\r\n    <label for=\"field_kn8l943\" class=\"frm_primary_label\">Dates you propose\r\n        <span class=\"frm_required\"><\/span>\r\n    <\/label>\r\n    <textarea name=\"item_meta[192]\" id=\"field_kn8l943\" rows=\"5\"  data-invmsg=\"Dates you propose is invalid\" aria-invalid=\"false\"  ><\/textarea>\r\n    \r\n    \r\n<\/div>\n<div id=\"frm_field_193_container\" class=\"frm_form_field form-field  frm_top_container frm_two_thirds\">\r\n    <label for=\"field_dbwqy43\" class=\"frm_primary_label\">Your message \r\n        <span class=\"frm_required\"><\/span>\r\n    <\/label>\r\n    <textarea name=\"item_meta[193]\" id=\"field_dbwqy43\" rows=\"5\"  data-frmval=\"Write your request here. If your choice is not well defined, we will call you back to advise you.\" data-invmsg=\"Your message  is invalid\" aria-invalid=\"false\"  >Write your request here. If your choice is not well defined, we will call you back to advise you.<\/textarea>\r\n    \r\n    \r\n<\/div>\n<div id=\"frm_field_194_container\" class=\"frm_form_field form-field  frm_top_container frm_first frm_third\">\r\n    <label for=\"field_htr1s43\" class=\"frm_primary_label\">How did you hear about us?\r\n        <span class=\"frm_required\"><\/span>\r\n    <\/label>\r\n    \t\t<select name=\"item_meta[194]\" id=\"field_htr1s43\"  data-invmsg=\"How did you hear about us? is invalid\" aria-invalid=\"false\"  >\n\t\t\t\t<option value=\"\"  selected=\"selected\" class=\"\">\n\t\t\t \t\t<\/option>\n\t\t\t<option value=\"Word of mouth\"  class=\"\">\n\t\t\tWord of mouth\t\t<\/option>\n\t\t\t<option value=\"Press, newspapers, media\"  class=\"\">\n\t\t\tPress, newspapers, media\t\t<\/option>\n\t\t\t<option value=\"Tourist Office\"  class=\"\">\n\t\t\tTourist Office\t\t<\/option>\n\t\t\t<option value=\"Internet search\"  class=\"\">\n\t\t\tInternet search\t\t<\/option>\n\t\t\t<option value=\"Purchase of Gift Box\"  class=\"\">\n\t\t\tPurchase of Gift Box\t\t<\/option>\n\t\t\t<option value=\"Other\"  class=\"\">\n\t\t\tOther\t\t<\/option>\n\t\t<\/select>\n\t\r\n    \r\n    \r\n<\/div>\n<div id=\"frm_field_195_container\" class=\"frm_form_field form-field  frm_top_container\">\r\n    <label for=\"g-recaptcha-response\" class=\"frm_primary_label\">reCAPTCHA\r\n        <span class=\"frm_required\"><\/span>\r\n    <\/label>\r\n    <div id=\"field_6wxli43\" class=\"g-recaptcha\" data-sitekey=\"6LdcpgwUAAAAABx5zI5rAZJDztHcZB1pUFgwxnzB\" data-size=\"normal\" data-theme=\"light\"><\/div>\r\n    \r\n    \r\n<\/div>\n\t<input type=\"hidden\" name=\"item_key\" value=\"\" \/>\n\t<div class=\"frm_submit\">\r\n\r\n<input type=\"submit\" value=\"Send\"  \/>\r\n<img class=\"frm_ajax_loading\" src=\"https:\/\/www.dimension-3.ch\/18dim3\/wp-content\/plugins\/formidable\/images\/ajax_loader.gif\" alt=\"Envoi\"\/>\r\n\r\n<\/div><\/div>\n<\/fieldset>\n<\/div>\n<\/form>\n<\/div>\n\n                    <div class=\"clear\"><\/div>\r\n                <\/div>\r\n            <\/div>\r\n            <div class=\"clear\"><\/div>\r\n\n<p>&nbsp;<\/p>\n","protected":false},"excerpt":{"rendered":"<p>&nbsp;<\/p>\n","protected":false},"author":7,"featured_media":0,"parent":7016,"menu_order":0,"comment_status":"closed","ping_status":"closed","template":"page-FullWidth.php","meta":[],"yoast_head":"<!-- This site is optimized with the Yoast SEO plugin v17.5 - https:\/\/yoast.com\/wordpress\/plugins\/seo\/ -->\n<title>Booking tandem paragliding flight with gift voucher Dimension 3<\/title>\n<meta name=\"description\" content=\"Booking form for tandem paragliding flight with gift voucher Dimension 3. Choose the formula, the price and contact us for an appointment.\" \/>\n<meta name=\"robots\" content=\"index, follow, max-snippet:-1, max-image-preview:large, max-video-preview:-1\" \/>\n<link rel=\"canonical\" href=\"https:\/\/www.dimension-3.ch\/18dim3\/en\/booking\/booking-a-tandem-paragliding-flight-in-villars-sur-ollon-2\/\" \/>\n<meta property=\"og:locale\" content=\"en_US\" \/>\n<meta property=\"og:type\" content=\"article\" \/>\n<meta property=\"og:title\" content=\"Booking tandem paragliding flight with gift voucher Dimension 3\" \/>\n<meta property=\"og:description\" content=\"Booking form for tandem paragliding flight with gift voucher Dimension 3. Choose the formula, the price and contact us for an appointment.\" \/>\n<meta property=\"og:url\" content=\"https:\/\/www.dimension-3.ch\/18dim3\/en\/booking\/booking-a-tandem-paragliding-flight-in-villars-sur-ollon-2\/\" \/>\n<meta property=\"og:site_name\" content=\"Dimension 3 | Vols biplace tandem et \u00e9cole de parapente \u00e0 Villars sur Ollon\" \/>\n<meta property=\"article:publisher\" content=\"https:\/\/www.facebook.com\/dimension3parapente\/\" \/>\n<meta property=\"article:modified_time\" content=\"2019-03-02T14:37:16+00:00\" \/>\n<meta property=\"og:image\" content=\"https:\/\/www.dimension-3.ch\/18dim3\/wp-content\/uploads\/170320-website-Dimension-3.png\" \/>\n\t<meta property=\"og:image:width\" content=\"1573\" \/>\n\t<meta property=\"og:image:height\" content=\"827\" \/>\n<meta name=\"twitter:card\" content=\"summary\" \/>\n<meta name=\"twitter:label1\" content=\"Est. reading time\" \/>\n\t<meta name=\"twitter:data1\" content=\"1 minute\" \/>\n<script type=\"application\/ld+json\" class=\"yoast-schema-graph\">{\"@context\":\"https:\/\/schema.org\",\"@graph\":[{\"@type\":\"WebSite\",\"@id\":\"https:\/\/www.dimension-3.ch\/18dim3\/#website\",\"url\":\"https:\/\/www.dimension-3.ch\/18dim3\/\",\"name\":\"Dimension 3 | Vols biplace tandem et \\u00e9cole de parapente \\u00e0 Villars sur Ollon\",\"description\":\"Tandem flights and paragliding school in Villars-sur-Ollon\",\"potentialAction\":[{\"@type\":\"SearchAction\",\"target\":{\"@type\":\"EntryPoint\",\"urlTemplate\":\"https:\/\/www.dimension-3.ch\/18dim3\/?s={search_term_string}\"},\"query-input\":\"required name=search_term_string\"}],\"inLanguage\":\"en-US\"},{\"@type\":\"WebPage\",\"@id\":\"https:\/\/www.dimension-3.ch\/18dim3\/en\/booking\/booking-a-tandem-paragliding-flight-in-villars-sur-ollon-2\/#webpage\",\"url\":\"https:\/\/www.dimension-3.ch\/18dim3\/en\/booking\/booking-a-tandem-paragliding-flight-in-villars-sur-ollon-2\/\",\"name\":\"Booking tandem paragliding flight with gift voucher Dimension 3\",\"isPartOf\":{\"@id\":\"https:\/\/www.dimension-3.ch\/18dim3\/#website\"},\"datePublished\":\"2016-11-06T19:53:37+00:00\",\"dateModified\":\"2019-03-02T14:37:16+00:00\",\"description\":\"Booking form for tandem paragliding flight with gift voucher Dimension 3. Choose the formula, the price and contact us for an appointment.\",\"breadcrumb\":{\"@id\":\"https:\/\/www.dimension-3.ch\/18dim3\/en\/booking\/booking-a-tandem-paragliding-flight-in-villars-sur-ollon-2\/#breadcrumb\"},\"inLanguage\":\"en-US\",\"potentialAction\":[{\"@type\":\"ReadAction\",\"target\":[\"https:\/\/www.dimension-3.ch\/18dim3\/en\/booking\/booking-a-tandem-paragliding-flight-in-villars-sur-ollon-2\/\"]}]},{\"@type\":\"BreadcrumbList\",\"@id\":\"https:\/\/www.dimension-3.ch\/18dim3\/en\/booking\/booking-a-tandem-paragliding-flight-in-villars-sur-ollon-2\/#breadcrumb\",\"itemListElement\":[{\"@type\":\"ListItem\",\"position\":1,\"name\":\"Home\",\"item\":\"https:\/\/www.dimension-3.ch\/18dim3\/en\/\"},{\"@type\":\"ListItem\",\"position\":2,\"name\":\"Booking\",\"item\":\"https:\/\/www.dimension-3.ch\/18dim3\/en\/booking\/\"},{\"@type\":\"ListItem\",\"position\":3,\"name\":\"Booking tandem paragliding flight with gift voucher Dimension 3\"}]}]}<\/script>\n<!-- \/ Yoast SEO plugin. -->","yoast_head_json":{"title":"Booking tandem paragliding flight with gift voucher Dimension 3","description":"Booking form for tandem paragliding flight with gift voucher Dimension 3. Choose the formula, the price and contact us for an appointment.","robots":{"index":"index","follow":"follow","max-snippet":"max-snippet:-1","max-image-preview":"max-image-preview:large","max-video-preview":"max-video-preview:-1"},"canonical":"https:\/\/www.dimension-3.ch\/18dim3\/en\/booking\/booking-a-tandem-paragliding-flight-in-villars-sur-ollon-2\/","og_locale":"en_US","og_type":"article","og_title":"Booking tandem paragliding flight with gift voucher Dimension 3","og_description":"Booking form for tandem paragliding flight with gift voucher Dimension 3. Choose the formula, the price and contact us for an appointment.","og_url":"https:\/\/www.dimension-3.ch\/18dim3\/en\/booking\/booking-a-tandem-paragliding-flight-in-villars-sur-ollon-2\/","og_site_name":"Dimension 3 | Vols biplace tandem et \u00e9cole de parapente \u00e0 Villars sur Ollon","article_publisher":"https:\/\/www.facebook.com\/dimension3parapente\/","article_modified_time":"2019-03-02T14:37:16+00:00","og_image":[{"width":1573,"height":827,"url":"https:\/\/www.dimension-3.ch\/18dim3\/wp-content\/uploads\/170320-website-Dimension-3.png","type":"image\/png"}],"twitter_card":"summary","twitter_misc":{"Est. reading time":"1 minute"},"schema":{"@context":"https:\/\/schema.org","@graph":[{"@type":"WebSite","@id":"https:\/\/www.dimension-3.ch\/18dim3\/#website","url":"https:\/\/www.dimension-3.ch\/18dim3\/","name":"Dimension 3 | Vols biplace tandem et \u00e9cole de parapente \u00e0 Villars sur Ollon","description":"Tandem flights and paragliding school in Villars-sur-Ollon","potentialAction":[{"@type":"SearchAction","target":{"@type":"EntryPoint","urlTemplate":"https:\/\/www.dimension-3.ch\/18dim3\/?s={search_term_string}"},"query-input":"required name=search_term_string"}],"inLanguage":"en-US"},{"@type":"WebPage","@id":"https:\/\/www.dimension-3.ch\/18dim3\/en\/booking\/booking-a-tandem-paragliding-flight-in-villars-sur-ollon-2\/#webpage","url":"https:\/\/www.dimension-3.ch\/18dim3\/en\/booking\/booking-a-tandem-paragliding-flight-in-villars-sur-ollon-2\/","name":"Booking tandem paragliding flight with gift voucher Dimension 3","isPartOf":{"@id":"https:\/\/www.dimension-3.ch\/18dim3\/#website"},"datePublished":"2016-11-06T19:53:37+00:00","dateModified":"2019-03-02T14:37:16+00:00","description":"Booking form for tandem paragliding flight with gift voucher Dimension 3. Choose the formula, the price and contact us for an appointment.","breadcrumb":{"@id":"https:\/\/www.dimension-3.ch\/18dim3\/en\/booking\/booking-a-tandem-paragliding-flight-in-villars-sur-ollon-2\/#breadcrumb"},"inLanguage":"en-US","potentialAction":[{"@type":"ReadAction","target":["https:\/\/www.dimension-3.ch\/18dim3\/en\/booking\/booking-a-tandem-paragliding-flight-in-villars-sur-ollon-2\/"]}]},{"@type":"BreadcrumbList","@id":"https:\/\/www.dimension-3.ch\/18dim3\/en\/booking\/booking-a-tandem-paragliding-flight-in-villars-sur-ollon-2\/#breadcrumb","itemListElement":[{"@type":"ListItem","position":1,"name":"Home","item":"https:\/\/www.dimension-3.ch\/18dim3\/en\/"},{"@type":"ListItem","position":2,"name":"Booking","item":"https:\/\/www.dimension-3.ch\/18dim3\/en\/booking\/"},{"@type":"ListItem","position":3,"name":"Booking tandem paragliding flight with gift voucher Dimension 3"}]}]}},"_links":{"self":[{"href":"https:\/\/www.dimension-3.ch\/18dim3\/en\/wp-json\/wp\/v2\/pages\/6549"}],"collection":[{"href":"https:\/\/www.dimension-3.ch\/18dim3\/en\/wp-json\/wp\/v2\/pages"}],"about":[{"href":"https:\/\/www.dimension-3.ch\/18dim3\/en\/wp-json\/wp\/v2\/types\/page"}],"author":[{"embeddable":true,"href":"https:\/\/www.dimension-3.ch\/18dim3\/en\/wp-json\/wp\/v2\/users\/7"}],"replies":[{"embeddable":true,"href":"https:\/\/www.dimension-3.ch\/18dim3\/en\/wp-json\/wp\/v2\/comments?post=6549"}],"version-history":[{"count":0,"href":"https:\/\/www.dimension-3.ch\/18dim3\/en\/wp-json\/wp\/v2\/pages\/6549\/revisions"}],"up":[{"embeddable":true,"href":"https:\/\/www.dimension-3.ch\/18dim3\/en\/wp-json\/wp\/v2\/pages\/7016"}],"wp:attachment":[{"href":"https:\/\/www.dimension-3.ch\/18dim3\/en\/wp-json\/wp\/v2\/media?parent=6549"}],"curies":[{"name":"wp","href":"https:\/\/api.w.org\/{rel}","templated":true}]}}