{"id":6554,"date":"2016-11-06T20:46:14","date_gmt":"2016-11-06T19:46:14","guid":{"rendered":"https:\/\/www.dimension-3.ch\/18dim3\/booking-tandem-paragliding-flight-with-gift-boxes-and-box\/"},"modified":"2019-03-04T21:12:52","modified_gmt":"2019-03-04T20:12:52","slug":"booking-tandem-paragliding-flight-with-gift-boxes-and-box","status":"publish","type":"page","link":"https:\/\/www.dimension-3.ch\/18dim3\/en\/booking\/booking-tandem-paragliding-flight-with-gift-boxes-and-box\/","title":{"rendered":"Booking tandem paragliding flight with gift boxes and Box"},"content":{"rendered":"            <style type=\"text\/css\">\r\n                #content-block-background-1457 { background-image: url(); background-position: center top; background-repeat: no-repeat; background-color: #F7F7F7; background-attachment: fixed; background-size: auto; }\r\n                #content-block-body-1457 { padding: 20px 0; color: #848484; }\r\n                .content-block-body { margin-left: auto; margin-right: auto; position: relative; }\r\n            <\/style>\r\n                <style type=\"text\/css\">\r\n                    #wrapper-1 { overflow-x: hidden; }\r\n                    #content-block-background-1457 { margin: 0 -10000px; padding: 0 10000px; }\r\n                <\/style>\r\n            \r\n                \r\n            <div class=\"clear\"><\/div>\r\n            <div id=\"content-block-background-1457\" class=\"content-block-background \">\r\n                <div id=\"content-block-body-1457\" class=\"content-block-body\">\r\n                    <div class=\"clear\"><\/div>\r\n                    \n<div class=\"one_half\">\n<h2 style=\"color: #848484; margin-top: 40px; font-size: 24px !important;\"><strong>Book your tandem flight <span style=\"color: #f95a09;\">with Gift Boxes and Boxes<\/span><\/strong><\/h2>\n<div style=\"color: #848484; margin-top: 30px; font-size: 18px !important;\">You are the lucky holder of <strong>a Gift Box<\/strong> and you have chosen to make a tandem flight in paragliding with Dimension-3? To organize this awesome moment, fill out the form below.<\/div>\n<\/div>\n<div class=\"one_half last_column\">\n<div style=\"padding: 10px 30px; margin: 10px; border: 1px solid #eaeaea; background-color: #f6fff6;\">\n<div style=\"margin-top: 20px; color: #848484; text-align: left; font-size: 20px;\">To be validated before booking:<\/div>\n<div style=\"text-align: left;\"><\/div>\n<ul>\n<li>Your Dimension 3 voucher must be valid on the day of the flight<\/li>\n<li>It is up to you to propose some dates according to your availability<\/li>\n<li>It is up to you to contact us the day before the date scheduled for the weather confirmation by calling +41 79 435 2123<\/li>\n<li>Location of the activity: Chablais Vaudois ( Villars-sur-Ollon )<\/li>\n<li>Activity depends on weather conditions<\/li>\n<\/ul>\n<p>After reading, understanding and accepting the above points, you can complete the form below.<\/p>\n<\/div>\n<\/div>\n                    <div class=\"clear\"><\/div>\r\n                <\/div>\r\n            <\/div>\r\n            <div class=\"clear\"><\/div>\r\n\n<div class=\"clear\" style=\"margin: 20px 0;\"><\/div>\n<h4 style=\"color: #848484; margin-top: 20px; margin-bottom: 20px; font-size: 14px !important; text-transform: uppercase; letter-spacing: 2px; font-weight: bold; text-align: center;\">Our privileged partners for Gift Boxes<\/h4>\n<div class=\"one_fourth\">\n<img loading=\"lazy\" class=\"make-circle aligncenter\" src=\"https:\/\/www.dimension-3.ch\/18dim3\/wp-content\/uploads\/Smartbox_U862_photo_1_120.jpg\" alt=\"logo de coffret box SMARTBOX pour vol biplace parapente\" width=\"120\" height=\"120\" \/><\/p>\n<div style=\"text-align: center;\">\n<h3>SmartBox<\/h3>\n<\/div>\n<\/div>\n<div class=\"one_fourth\">\n<img loading=\"lazy\" class=\"make-circle aligncenter\" src=\"https:\/\/www.dimension-3.ch\/18dim3\/wp-content\/uploads\/Wunderbox_720x1032BVB201_120.jpg\" alt=\"logo de coffret box WONDERBOX pour vol biplace parapente\" width=\"120\" height=\"120\" \/><\/p>\n<div style=\"text-align: center;\">\n<h3>WonderBox<\/h3>\n<\/div>\n<\/div>\n<div class=\"one_fourth\">\n<img loading=\"lazy\" class=\"make-circle aligncenter\" src=\"https:\/\/www.dimension-3.ch\/18dim3\/wp-content\/uploads\/cadeaux24.jpg\" alt=\"logo de coffret box CADEAUX24.CH pour vol biplace parapente\" width=\"120\" height=\"120\" \/><\/p>\n<div style=\"text-align: center;\">\n<h3>Cadeaux24<\/h3>\n<\/div>\n<\/div>\n<div class=\"one_fourth last_column\">\n<img loading=\"lazy\" class=\"make-circle aligncenter\" src=\"https:\/\/www.dimension-3.ch\/18dim3\/wp-content\/uploads\/topdeal.jpg\" alt=\"logo de coffret box TOPDEAL pour vol biplace parapente\" width=\"120\" height=\"120\" \/><\/p>\n<div style=\"text-align: center;\">\n<h3>Topdeal<\/h3>\n<\/div>\n<\/div>\n<p style=\"color: #f95a09; font-size: 18px !important; line-height: 3; text-align: center;\">We are also a partner of : Discover Pass, e-Boutique, Myday, SportDecouverte.com&#8230;<\/p>\n<div class=\"clear\" style=\"margin: 30px 0;\"><\/div>\n            <style type=\"text\/css\">\r\n                #content-block-background-1164 { background-image: url(); background-position: center bottom; background-repeat: no-repeat; background-color: #1A2632; background-attachment: fixed; background-size: auto; }\r\n                #content-block-body-1164 { padding: 30px 0 20px; color: #EEEEEE; }\r\n                .content-block-body { margin-left: auto; margin-right: auto; position: relative; }\r\n            <\/style>\r\n                <style type=\"text\/css\">\r\n                    #wrapper-1 { overflow-x: hidden; }\r\n                    #content-block-background-1164 { margin: 0 -10000px; padding: 0 10000px; }\r\n                <\/style>\r\n            \r\n                \r\n            <div class=\"clear\"><\/div>\r\n            <div id=\"content-block-background-1164\" class=\"content-block-background \">\r\n                <div id=\"content-block-body-1164\" class=\"content-block-body\">\r\n                    <div class=\"clear\"><\/div>\r\n                    \n<div style=\"text-align: center;\">\n<h4 style=\"margin-bottom: 20px;\"><span style=\"font-size: 38px; color: #ffffff; line-height: 1;\">Booking <\/span><span style=\"font-size: 38px; color: #f95700; ; line-height: 1;\">Form<\/span><\/h4>\n<\/div>\n                    <div class=\"clear\"><\/div>\r\n                <\/div>\r\n            <\/div>\r\n            <div class=\"clear\"><\/div>\r\n\n<div class=\"clear\" style=\"margin: 30px 0;\"><\/div>\n            <style type=\"text\/css\">\r\n                #content-block-background-1983 { background-image: url(); background-position: center top; background-repeat: no; background-color: #ffffff; background-attachment: scroll; background-size: auto; }\r\n                #content-block-body-1983 { padding: 40px 0 40px 0; color: #EEEEEE; }\r\n                .content-block-body { margin-left: auto; margin-right: auto; position: relative; }\r\n            <\/style>\r\n            \r\n                \r\n            <div class=\"clear\"><\/div>\r\n            <div id=\"content-block-background-1983\" class=\"content-block-background class-name\">\r\n                <div id=\"content-block-body-1983\" class=\"content-block-body\">\r\n                    <div class=\"clear\"><\/div>\r\n                    \n<link rel='stylesheet' id='formidable-css'  href='https:\/\/www.dimension-3.ch\/18dim3\/wp-content\/plugins\/formidable\/css\/formidableforms.css?ver=1151817' type='text\/css' media='all' \/>\n<div class=\"frm_forms  with_frm_style frm_style_style-formidable\" id=\"frm_form_16_container\" >\n<form enctype=\"multipart\/form-data\" method=\"post\" class=\"frm-show-form \" id=\"form_1ps1o2222\"  >\n<div class=\"frm_form_fields \">\n<fieldset>\n<legend class=\"frm_hidden\">Formulaire | Coffrets cadeau & Box [EN]<\/legend>\r\n\r\n<div class=\"frm_fields_container\">\n<input type=\"hidden\" name=\"frm_action\" value=\"create\" \/>\n<input type=\"hidden\" name=\"form_id\" value=\"16\" \/>\n<input type=\"hidden\" name=\"frm_hide_fields_16\" id=\"frm_hide_fields_16\" value=\"\" \/>\n<input type=\"hidden\" name=\"form_key\" value=\"1ps1o2222\" \/>\n<input type=\"hidden\" name=\"item_meta[0]\" value=\"\" \/>\n<input type=\"hidden\" id=\"frm_submit_entry_16\" name=\"frm_submit_entry_16\" value=\"52ed754d3f\" \/><input type=\"hidden\" name=\"_wp_http_referer\" value=\"\/18dim3\/en\/wp-json\/wp\/v2\/pages\/6554\" \/><div id=\"frm_field_196_container\" class=\"frm_form_field form-field  frm_required_field frm_top_container frm_first frm_half\">\r\n    <label for=\"field_riicx33\" class=\"frm_primary_label\">First Name\r\n        <span class=\"frm_required\">*<\/span>\r\n    <\/label>\r\n    <input type=\"text\" id=\"field_riicx33\" name=\"item_meta[196]\" value=\"\"  data-reqmsg=\"Ce champ est obligatoire.\" aria-required=\"true\" data-invmsg=\"Pr\u00e9nom est non valide\" aria-invalid=\"false\"  \/>\r\n    \r\n    \r\n<\/div>\n<div id=\"frm_field_197_container\" class=\"frm_form_field form-field  frm_required_field frm_top_container frm_first frm_half\">\r\n    <label for=\"field_pypc633\" class=\"frm_primary_label\">Name\r\n        <span class=\"frm_required\">*<\/span>\r\n    <\/label>\r\n    <input type=\"text\" id=\"field_pypc633\" name=\"item_meta[197]\" value=\"\"  data-reqmsg=\"Ce champ est obligatoire.\" aria-required=\"true\" data-invmsg=\"Nom est non valide\" aria-invalid=\"false\"  \/>\r\n    \r\n    \r\n<\/div>\n<div id=\"frm_field_198_container\" class=\"frm_form_field form-field  frm_required_field frm_top_container frm_first frm_half\">\r\n    <label for=\"field_zynl933\" class=\"frm_primary_label\">Email\r\n        <span class=\"frm_required\">*<\/span>\r\n    <\/label>\r\n    <input type=\"email\" id=\"field_zynl933\" name=\"item_meta[198]\" value=\"\"  data-reqmsg=\"Ce champ est obligatoire.\" aria-required=\"true\" data-invmsg=\"Adresse e-mail est non valide\" aria-invalid=\"false\"  \/>\r\n    \r\n    \r\n<\/div>\n<div id=\"frm_field_199_container\" class=\"frm_form_field form-field  frm_required_field frm_top_container frm_first frm_half\">\r\n    <label for=\"field_oa41933\" class=\"frm_primary_label\">Mobile phone number\r\n        <span class=\"frm_required\">*<\/span>\r\n    <\/label>\r\n    <input type=\"text\" id=\"field_oa41933\" name=\"item_meta[199]\" value=\"\"  data-reqmsg=\"Ce champ est obligatoire.\" aria-required=\"true\" data-invmsg=\"Num\u00e9ro de t\u00e9l\u00e9phone mobile est non valide\" aria-invalid=\"false\"  \/>\r\n    \r\n    \r\n<\/div>\n<div id=\"frm_field_200_container\" class=\"frm_form_field form-field  frm_top_container frm_first frm_half\">\r\n    <label for=\"field_wi2j833\" class=\"frm_primary_label\">Address: street\r\n        <span class=\"frm_required\"><\/span>\r\n    <\/label>\r\n    <input type=\"text\" id=\"field_wi2j833\" name=\"item_meta[200]\" value=\"\"  data-invmsg=\"Adresse : rue est non valide\" aria-invalid=\"false\"  \/>\r\n    \r\n    \r\n<\/div>\n<div id=\"frm_field_201_container\" class=\"frm_form_field form-field  frm_top_container frm_half\">\r\n    <label for=\"field_l8u0033\" class=\"frm_primary_label\">Address: city\r\n        <span class=\"frm_required\"><\/span>\r\n    <\/label>\r\n    <input type=\"text\" id=\"field_l8u0033\" name=\"item_meta[201]\" value=\"\"  data-invmsg=\"Adresse : ville est non valide\" aria-invalid=\"false\"  \/>\r\n    \r\n    \r\n<\/div>\n<div id=\"frm_field_202_container\" class=\"frm_form_field form-field  frm_required_field frm_top_container frm_first frm_half\">\r\n    <label for=\"field_ibsbc33\" class=\"frm_primary_label\">Box set to specify\r\n        <span class=\"frm_required\">*<\/span>\r\n    <\/label>\r\n    \t\t<select name=\"item_meta[202]\" id=\"field_ibsbc33\"  data-reqmsg=\"Ce champ est obligatoire.\" aria-required=\"true\" data-invmsg=\"Box set to specify is invalid\" aria-invalid=\"false\"  >\n\t\t\t\t<option value=\"\"  selected=\"selected\" class=\"\">\n\t\t\t \t\t<\/option>\n\t\t\t<option value=\"Smartbox\"  class=\"\">\n\t\t\tSmartbox\t\t<\/option>\n\t\t\t<option value=\"Wonderbox\"  class=\"\">\n\t\t\tWonderbox\t\t<\/option>\n\t\t\t<option value=\"Top deal\"  class=\"\">\n\t\t\tTop deal\t\t<\/option>\n\t\t\t<option value=\"e-boutic\"  class=\"\">\n\t\t\te-boutic\t\t<\/option>\n\t\t\t<option value=\"Cadeaux24\"  class=\"\">\n\t\t\tCadeaux24\t\t<\/option>\n\t\t\t<option value=\"Myday\"  class=\"\">\n\t\t\tMyday\t\t<\/option>\n\t\t\t<option value=\"Discover-pass\"  class=\"\">\n\t\t\tDiscover-pass\t\t<\/option>\n\t\t\t<option value=\"Sport d\u00e9couverte.com\"  class=\"\">\n\t\t\tSport d\u00e9couverte.com\t\t<\/option>\n\t\t\t<option value=\"Autre\"  class=\"\">\n\t\t\tAutre\t\t<\/option>\n\t\t<\/select>\n\t\r\n    \r\n    \r\n<\/div>\n<div id=\"frm_field_203_container\" class=\"frm_form_field form-field  frm_required_field frm_top_container frm_first frm_third\">\r\n    <label for=\"field_tno8u33\" class=\"frm_primary_label\">Booking code or gift certificate number\r\n        <span class=\"frm_required\">*<\/span>\r\n    <\/label>\r\n    <input type=\"text\" id=\"field_tno8u33\" name=\"item_meta[203]\" value=\"\"  data-reqmsg=\"Ce champ est obligatoire.\" aria-required=\"true\" data-invmsg=\"Code de r\u00e9servation ou n\u00b0 du ch\u00e8que cadeau est non valide\" aria-invalid=\"false\"  \/>\r\n    \r\n    \r\n<\/div>\n<div id=\"frm_field_204_container\" class=\"frm_form_field form-field  frm_top_container frm_first frm_third\">\r\n    <label for=\"field_ib43y3\" class=\"frm_primary_label\">Confirmation code (to be scratched)\r\n        <span class=\"frm_required\"><\/span>\r\n    <\/label>\r\n    <input type=\"text\" id=\"field_ib43y3\" name=\"item_meta[204]\" value=\"\"  data-invmsg=\"Code de confirmation (\u00e0 gratter) est non valide\" aria-invalid=\"false\"  \/>\r\n    \r\n    \r\n<\/div>\n<div id=\"frm_field_205_container\" class=\"frm_form_field form-field  frm_top_container frm_first frm_third\">\r\n    <label for=\"field_kn8l933\" class=\"frm_primary_label\">Dates you propose\r\n        <span class=\"frm_required\"><\/span>\r\n    <\/label>\r\n    <textarea name=\"item_meta[205]\" id=\"field_kn8l933\" rows=\"5\"  data-invmsg=\"Dates you propose is invalid\" aria-invalid=\"false\"  ><\/textarea>\r\n    \r\n    \r\n<\/div>\n<div id=\"frm_field_206_container\" class=\"frm_form_field form-field  frm_top_container frm_two_thirds\">\r\n    <label for=\"field_dbwqy33\" class=\"frm_primary_label\">Your message\r\n        <span class=\"frm_required\"><\/span>\r\n    <\/label>\r\n    <textarea name=\"item_meta[206]\" id=\"field_dbwqy33\" rows=\"5\"  data-frmval=\"Write your request here. If your choice is not well defined, we will call you back to advise you.\" data-invmsg=\"Your message is invalid\" aria-invalid=\"false\"  >Write your request here. If your choice is not well defined, we will call you back to advise you.<\/textarea>\r\n    \r\n    \r\n<\/div>\n<div id=\"frm_field_207_container\" class=\"frm_form_field form-field  frm_top_container frm_first frm_third\">\r\n    <label for=\"field_htr1s33\" class=\"frm_primary_label\">How did you hear about us?\r\n        <span class=\"frm_required\"><\/span>\r\n    <\/label>\r\n    \t\t<select name=\"item_meta[207]\" id=\"field_htr1s33\"  data-invmsg=\"How did you hear about us? is invalid\" aria-invalid=\"false\"  >\n\t\t\t\t<option value=\"\"  selected=\"selected\" class=\"\">\n\t\t\t \t\t<\/option>\n\t\t\t<option value=\"Word of mouth\"  class=\"\">\n\t\t\tWord of mouth\t\t<\/option>\n\t\t\t<option value=\"Press, newspapers, media\"  class=\"\">\n\t\t\tPress, newspapers, media\t\t<\/option>\n\t\t\t<option value=\"Tourist Office\"  class=\"\">\n\t\t\tTourist Office\t\t<\/option>\n\t\t\t<option value=\"Internet search\"  class=\"\">\n\t\t\tInternet search\t\t<\/option>\n\t\t\t<option value=\"Purchase of Gift Box\"  class=\"\">\n\t\t\tPurchase of Gift Box\t\t<\/option>\n\t\t\t<option value=\"Other\"  class=\"\">\n\t\t\tOther\t\t<\/option>\n\t\t<\/select>\n\t\r\n    \r\n    \r\n<\/div>\n<div id=\"frm_field_208_container\" class=\"frm_form_field form-field  frm_top_container\">\r\n    <label for=\"g-recaptcha-response\" class=\"frm_primary_label\">reCAPTCHA\r\n        <span class=\"frm_required\"><\/span>\r\n    <\/label>\r\n    <div id=\"field_6wxli33\" class=\"g-recaptcha\" data-sitekey=\"6LdcpgwUAAAAABx5zI5rAZJDztHcZB1pUFgwxnzB\" data-size=\"normal\" data-theme=\"light\"><\/div>\r\n    \r\n    \r\n<\/div>\n\t<input type=\"hidden\" name=\"item_key\" value=\"\" \/>\n\t<div class=\"frm_submit\">\r\n\r\n<input type=\"submit\" value=\"Send\"  \/>\r\n<img class=\"frm_ajax_loading\" src=\"https:\/\/www.dimension-3.ch\/18dim3\/wp-content\/plugins\/formidable\/images\/ajax_loader.gif\" alt=\"Envoi\"\/>\r\n\r\n<\/div><\/div>\n<\/fieldset>\n<\/div>\n<\/form>\n<\/div>\n\n                    <div class=\"clear\"><\/div>\r\n                <\/div>\r\n            <\/div>\r\n            <div class=\"clear\"><\/div>\r\n\n<p>&nbsp;<\/p>\n","protected":false},"excerpt":{"rendered":"<p>Our privileged partners for Gift Boxes We are also a partner of : Discover Pass, e-Boutique, Myday, SportDecouverte.com&#8230; &nbsp;<\/p>\n","protected":false},"author":7,"featured_media":0,"parent":7016,"menu_order":0,"comment_status":"closed","ping_status":"closed","template":"page-FullWidth.php","meta":[],"yoast_head":"<!-- This site is optimized with the Yoast SEO plugin v17.5 - https:\/\/yoast.com\/wordpress\/plugins\/seo\/ -->\n<title>Booking tandem paragliding flight with gift boxes and Box<\/title>\n<meta name=\"description\" content=\"Booking form for tandem paragliding flight with gift boxes and boxes: SmartBox, WunderBox, Gifts24, Topdeal, Discover Pass, e-Shop, Myday...\" \/>\n<meta name=\"robots\" content=\"index, follow, max-snippet:-1, max-image-preview:large, max-video-preview:-1\" \/>\n<link rel=\"canonical\" href=\"https:\/\/www.dimension-3.ch\/18dim3\/en\/booking\/booking-tandem-paragliding-flight-with-gift-boxes-and-box\/\" \/>\n<meta property=\"og:locale\" content=\"en_US\" \/>\n<meta property=\"og:type\" content=\"article\" \/>\n<meta property=\"og:title\" content=\"Booking tandem paragliding flight with gift boxes and Box\" \/>\n<meta property=\"og:description\" content=\"Booking form for tandem paragliding flight with gift boxes and boxes: SmartBox, WunderBox, Gifts24, Topdeal, Discover Pass, e-Shop, Myday...\" \/>\n<meta property=\"og:url\" content=\"https:\/\/www.dimension-3.ch\/18dim3\/en\/booking\/booking-tandem-paragliding-flight-with-gift-boxes-and-box\/\" \/>\n<meta property=\"og:site_name\" content=\"Dimension 3 | Vols biplace tandem et \u00e9cole de parapente \u00e0 Villars sur Ollon\" \/>\n<meta property=\"article:publisher\" content=\"https:\/\/www.facebook.com\/dimension3parapente\/\" \/>\n<meta property=\"article:modified_time\" content=\"2019-03-04T20:12:52+00:00\" \/>\n<meta property=\"og:image\" content=\"https:\/\/www.dimension-3.ch\/18dim3\/wp-content\/uploads\/Smartbox_U862_photo_1_120.jpg\" \/>\n<meta name=\"twitter:card\" content=\"summary\" \/>\n<meta name=\"twitter:label1\" content=\"Est. reading time\" \/>\n\t<meta name=\"twitter:data1\" content=\"1 minute\" \/>\n<script type=\"application\/ld+json\" class=\"yoast-schema-graph\">{\"@context\":\"https:\/\/schema.org\",\"@graph\":[{\"@type\":\"WebSite\",\"@id\":\"https:\/\/www.dimension-3.ch\/18dim3\/#website\",\"url\":\"https:\/\/www.dimension-3.ch\/18dim3\/\",\"name\":\"Dimension 3 | Vols biplace tandem et \\u00e9cole de parapente \\u00e0 Villars sur Ollon\",\"description\":\"Tandem flights and paragliding school in Villars-sur-Ollon\",\"potentialAction\":[{\"@type\":\"SearchAction\",\"target\":{\"@type\":\"EntryPoint\",\"urlTemplate\":\"https:\/\/www.dimension-3.ch\/18dim3\/?s={search_term_string}\"},\"query-input\":\"required name=search_term_string\"}],\"inLanguage\":\"en-US\"},{\"@type\":\"ImageObject\",\"@id\":\"https:\/\/www.dimension-3.ch\/18dim3\/en\/booking\/booking-tandem-paragliding-flight-with-gift-boxes-and-box\/#primaryimage\",\"inLanguage\":\"en-US\",\"url\":\"https:\/\/www.dimension-3.ch\/18dim3\/wp-content\/uploads\/Smartbox_U862_photo_1_120.jpg\",\"contentUrl\":\"https:\/\/www.dimension-3.ch\/18dim3\/wp-content\/uploads\/Smartbox_U862_photo_1_120.jpg\",\"width\":120,\"height\":120},{\"@type\":\"WebPage\",\"@id\":\"https:\/\/www.dimension-3.ch\/18dim3\/en\/booking\/booking-tandem-paragliding-flight-with-gift-boxes-and-box\/#webpage\",\"url\":\"https:\/\/www.dimension-3.ch\/18dim3\/en\/booking\/booking-tandem-paragliding-flight-with-gift-boxes-and-box\/\",\"name\":\"Booking tandem paragliding flight with gift boxes and Box\",\"isPartOf\":{\"@id\":\"https:\/\/www.dimension-3.ch\/18dim3\/#website\"},\"primaryImageOfPage\":{\"@id\":\"https:\/\/www.dimension-3.ch\/18dim3\/en\/booking\/booking-tandem-paragliding-flight-with-gift-boxes-and-box\/#primaryimage\"},\"datePublished\":\"2016-11-06T19:46:14+00:00\",\"dateModified\":\"2019-03-04T20:12:52+00:00\",\"description\":\"Booking form for tandem paragliding flight with gift boxes and boxes: SmartBox, WunderBox, Gifts24, Topdeal, Discover Pass, e-Shop, Myday...\",\"breadcrumb\":{\"@id\":\"https:\/\/www.dimension-3.ch\/18dim3\/en\/booking\/booking-tandem-paragliding-flight-with-gift-boxes-and-box\/#breadcrumb\"},\"inLanguage\":\"en-US\",\"potentialAction\":[{\"@type\":\"ReadAction\",\"target\":[\"https:\/\/www.dimension-3.ch\/18dim3\/en\/booking\/booking-tandem-paragliding-flight-with-gift-boxes-and-box\/\"]}]},{\"@type\":\"BreadcrumbList\",\"@id\":\"https:\/\/www.dimension-3.ch\/18dim3\/en\/booking\/booking-tandem-paragliding-flight-with-gift-boxes-and-box\/#breadcrumb\",\"itemListElement\":[{\"@type\":\"ListItem\",\"position\":1,\"name\":\"Home\",\"item\":\"https:\/\/www.dimension-3.ch\/18dim3\/en\/\"},{\"@type\":\"ListItem\",\"position\":2,\"name\":\"Booking\",\"item\":\"https:\/\/www.dimension-3.ch\/18dim3\/en\/booking\/\"},{\"@type\":\"ListItem\",\"position\":3,\"name\":\"Booking tandem paragliding flight with gift boxes and Box\"}]}]}<\/script>\n<!-- \/ Yoast SEO plugin. -->","yoast_head_json":{"title":"Booking tandem paragliding flight with gift boxes and Box","description":"Booking form for tandem paragliding flight with gift boxes and boxes: SmartBox, WunderBox, Gifts24, Topdeal, Discover Pass, e-Shop, Myday...","robots":{"index":"index","follow":"follow","max-snippet":"max-snippet:-1","max-image-preview":"max-image-preview:large","max-video-preview":"max-video-preview:-1"},"canonical":"https:\/\/www.dimension-3.ch\/18dim3\/en\/booking\/booking-tandem-paragliding-flight-with-gift-boxes-and-box\/","og_locale":"en_US","og_type":"article","og_title":"Booking tandem paragliding flight with gift boxes and Box","og_description":"Booking form for tandem paragliding flight with gift boxes and boxes: SmartBox, WunderBox, Gifts24, Topdeal, Discover Pass, e-Shop, Myday...","og_url":"https:\/\/www.dimension-3.ch\/18dim3\/en\/booking\/booking-tandem-paragliding-flight-with-gift-boxes-and-box\/","og_site_name":"Dimension 3 | Vols biplace tandem et \u00e9cole de parapente \u00e0 Villars sur Ollon","article_publisher":"https:\/\/www.facebook.com\/dimension3parapente\/","article_modified_time":"2019-03-04T20:12:52+00:00","og_image":[{"url":"https:\/\/www.dimension-3.ch\/18dim3\/wp-content\/uploads\/Smartbox_U862_photo_1_120.jpg"}],"twitter_card":"summary","twitter_misc":{"Est. reading time":"1 minute"},"schema":{"@context":"https:\/\/schema.org","@graph":[{"@type":"WebSite","@id":"https:\/\/www.dimension-3.ch\/18dim3\/#website","url":"https:\/\/www.dimension-3.ch\/18dim3\/","name":"Dimension 3 | Vols biplace tandem et \u00e9cole de parapente \u00e0 Villars sur Ollon","description":"Tandem flights and paragliding school in Villars-sur-Ollon","potentialAction":[{"@type":"SearchAction","target":{"@type":"EntryPoint","urlTemplate":"https:\/\/www.dimension-3.ch\/18dim3\/?s={search_term_string}"},"query-input":"required name=search_term_string"}],"inLanguage":"en-US"},{"@type":"ImageObject","@id":"https:\/\/www.dimension-3.ch\/18dim3\/en\/booking\/booking-tandem-paragliding-flight-with-gift-boxes-and-box\/#primaryimage","inLanguage":"en-US","url":"https:\/\/www.dimension-3.ch\/18dim3\/wp-content\/uploads\/Smartbox_U862_photo_1_120.jpg","contentUrl":"https:\/\/www.dimension-3.ch\/18dim3\/wp-content\/uploads\/Smartbox_U862_photo_1_120.jpg","width":120,"height":120},{"@type":"WebPage","@id":"https:\/\/www.dimension-3.ch\/18dim3\/en\/booking\/booking-tandem-paragliding-flight-with-gift-boxes-and-box\/#webpage","url":"https:\/\/www.dimension-3.ch\/18dim3\/en\/booking\/booking-tandem-paragliding-flight-with-gift-boxes-and-box\/","name":"Booking tandem paragliding flight with gift boxes and Box","isPartOf":{"@id":"https:\/\/www.dimension-3.ch\/18dim3\/#website"},"primaryImageOfPage":{"@id":"https:\/\/www.dimension-3.ch\/18dim3\/en\/booking\/booking-tandem-paragliding-flight-with-gift-boxes-and-box\/#primaryimage"},"datePublished":"2016-11-06T19:46:14+00:00","dateModified":"2019-03-04T20:12:52+00:00","description":"Booking form for tandem paragliding flight with gift boxes and boxes: SmartBox, WunderBox, Gifts24, Topdeal, Discover Pass, e-Shop, Myday...","breadcrumb":{"@id":"https:\/\/www.dimension-3.ch\/18dim3\/en\/booking\/booking-tandem-paragliding-flight-with-gift-boxes-and-box\/#breadcrumb"},"inLanguage":"en-US","potentialAction":[{"@type":"ReadAction","target":["https:\/\/www.dimension-3.ch\/18dim3\/en\/booking\/booking-tandem-paragliding-flight-with-gift-boxes-and-box\/"]}]},{"@type":"BreadcrumbList","@id":"https:\/\/www.dimension-3.ch\/18dim3\/en\/booking\/booking-tandem-paragliding-flight-with-gift-boxes-and-box\/#breadcrumb","itemListElement":[{"@type":"ListItem","position":1,"name":"Home","item":"https:\/\/www.dimension-3.ch\/18dim3\/en\/"},{"@type":"ListItem","position":2,"name":"Booking","item":"https:\/\/www.dimension-3.ch\/18dim3\/en\/booking\/"},{"@type":"ListItem","position":3,"name":"Booking tandem paragliding flight with gift boxes and Box"}]}]}},"_links":{"self":[{"href":"https:\/\/www.dimension-3.ch\/18dim3\/en\/wp-json\/wp\/v2\/pages\/6554"}],"collection":[{"href":"https:\/\/www.dimension-3.ch\/18dim3\/en\/wp-json\/wp\/v2\/pages"}],"about":[{"href":"https:\/\/www.dimension-3.ch\/18dim3\/en\/wp-json\/wp\/v2\/types\/page"}],"author":[{"embeddable":true,"href":"https:\/\/www.dimension-3.ch\/18dim3\/en\/wp-json\/wp\/v2\/users\/7"}],"replies":[{"embeddable":true,"href":"https:\/\/www.dimension-3.ch\/18dim3\/en\/wp-json\/wp\/v2\/comments?post=6554"}],"version-history":[{"count":0,"href":"https:\/\/www.dimension-3.ch\/18dim3\/en\/wp-json\/wp\/v2\/pages\/6554\/revisions"}],"up":[{"embeddable":true,"href":"https:\/\/www.dimension-3.ch\/18dim3\/en\/wp-json\/wp\/v2\/pages\/7016"}],"wp:attachment":[{"href":"https:\/\/www.dimension-3.ch\/18dim3\/en\/wp-json\/wp\/v2\/media?parent=6554"}],"curies":[{"name":"wp","href":"https:\/\/api.w.org\/{rel}","templated":true}]}}