{"id":6579,"date":"2016-12-11T00:26:19","date_gmt":"2016-12-10T23:26:19","guid":{"rendered":"https:\/\/www.dimension-3.ch\/18dim3\/offer-a-dimension-3-gift-voucher-for-a-tandem-paragliding-flight\/"},"modified":"2019-03-02T15:40:06","modified_gmt":"2019-03-02T14:40:06","slug":"offer-a-dimension-3-gift-voucher-for-a-tandem-paragliding-flight","status":"publish","type":"page","link":"https:\/\/www.dimension-3.ch\/18dim3\/en\/booking\/offer-a-dimension-3-gift-voucher-for-a-tandem-paragliding-flight\/","title":{"rendered":"Offer a Dimension 3 gift voucher for a tandem paragliding flight"},"content":{"rendered":"            <style type=\"text\/css\">\r\n                #content-block-background-1005 { background-image: url(); background-position: center bottom; background-repeat: repeat-x; background-color: #eee; background-attachment: scroll; background-size: auto; }\r\n                #content-block-body-1005 { padding: 25px 0 60px; color: ; }\r\n                .content-block-body { margin-left: auto; margin-right: auto; position: relative; }\r\n            <\/style>\r\n                <style type=\"text\/css\">\r\n                    #wrapper-1 { overflow-x: hidden; }\r\n                    #content-block-background-1005 { margin: 0 -10000px; padding: 0 10000px; }\r\n                <\/style>\r\n            \r\n                \r\n            <div class=\"clear\"><\/div>\r\n            <div id=\"content-block-background-1005\" class=\"content-block-background \">\r\n                <div id=\"content-block-body-1005\" class=\"content-block-body\">\r\n                    <div class=\"clear\"><\/div>\r\n                    \n<h2 style=\"text-align: center; margin: 40px 0 0 0;\"><span style=\"font-size: 34px; color: #429ba0; line-height: 1.2; font-weight: bold;\">Offer gift vouchers Dimensions 3<\/span><\/h2>\n<p style=\"text-align: center; margin-bottom: 20px;\"><span style=\"font-size: 28px; color: #f95a09;\">Offer a tandem paragliding flight to Villars-sur-Ollon!<\/span><\/p>\n<div class=\"clear\"><\/div>\n<div class=\"one_third\">\n<div style=\"float: left; text-align: center;\">\n<h4 style=\"margin: 10px 0; font-weight: bold;\">A gift?<\/h4>\n<div>A birthday, an event? Offer an aerial emotional sequence, for an exceptional 3D experience! Offer a Dimension 3 gift voucher for a tandem flight!<\/div>\n<\/div>\n<\/div>\n<div class=\"one_third\">\n<div style=\"float: left; text-align: center;\">\n<h4 style=\"margin: 10px 0; font-weight: bold;\">What flight?<\/h4>\n<div>Choose from our formulas: the Discovery flight or the Prestige flight. As for the pedagogical two-seater flight, it will be perfectly suitable for a student pilot.<\/div>\n<\/div>\n<\/div>\n<div class=\"one_third last_column\">\n<div style=\"float: left; text-align: center;\">\n<h4 style=\"margin: 10px 0; font-weight: bold;\">Book when?<\/h4>\n<div>Whenever you want, all year round! A simple call and we will arrange the appointment that suits you best, during the week or on weekends.<\/div>\n<\/div>\n<\/div>\n                    <div class=\"clear\"><\/div>\r\n                <\/div>\r\n            <\/div>\r\n            <div class=\"clear\"><\/div>\r\n\n            <style type=\"text\/css\">\r\n                #content-block-background-1711 { background-image: url(); background-position: center bottom; background-repeat: no-repeat; background-color: #1A2632; background-attachment: fixed; background-size: auto; }\r\n                #content-block-body-1711 { padding: 30px 0 20px; color: #EEEEEE; }\r\n                .content-block-body { margin-left: auto; margin-right: auto; position: relative; }\r\n            <\/style>\r\n                <style type=\"text\/css\">\r\n                    #wrapper-1 { overflow-x: hidden; }\r\n                    #content-block-background-1711 { margin: 0 -10000px; padding: 0 10000px; }\r\n                <\/style>\r\n            \r\n                \r\n            <div class=\"clear\"><\/div>\r\n            <div id=\"content-block-background-1711\" class=\"content-block-background \">\r\n                <div id=\"content-block-body-1711\" class=\"content-block-body\">\r\n                    <div class=\"clear\"><\/div>\r\n                    \n<div style=\"text-align: center;\">\n<h4 style=\"margin-bottom: 20px;\"><i class=\"fa fa-gift fa-2x circle-wrap\" style=\"color:#f95700;\"><\/i> <span style=\"font-size: 38px; color: #ffffff; line-height: 1; vertical-align: middle;\">Offer <\/span><span style=\"font-size: 38px; color: #f95700; ; line-height: 1; vertical-align: middle;\">a gift voucher Dimension 3<\/span><\/h4>\n<\/div>\n                    <div class=\"clear\"><\/div>\r\n                <\/div>\r\n            <\/div>\r\n            <div class=\"clear\"><\/div>\r\n\n<div class=\"clear\" style=\"margin: 30px 0;\"><\/div>\n            <style type=\"text\/css\">\r\n                #content-block-background-1871 { background-image: url(); background-position: center top; background-repeat: no; background-color: #ffffff; background-attachment: scroll; background-size: auto; }\r\n                #content-block-body-1871 { padding: 40px 0; color: #EEEEEE; }\r\n                .content-block-body { margin-left: auto; margin-right: auto; position: relative; }\r\n            <\/style>\r\n            \r\n                \r\n            <div class=\"clear\"><\/div>\r\n            <div id=\"content-block-background-1871\" class=\"content-block-background class-name\">\r\n                <div id=\"content-block-body-1871\" class=\"content-block-body\">\r\n                    <div class=\"clear\"><\/div>\r\n                    \n<link rel='stylesheet' id='formidable-css'  href='https:\/\/www.dimension-3.ch\/18dim3\/wp-content\/plugins\/formidable\/css\/formidableforms.css?ver=1151817' type='text\/css' media='all' \/>\n<div class=\"frm_forms  with_frm_style frm_style_style-formidable\" id=\"frm_form_18_container\" >\n<form enctype=\"multipart\/form-data\" method=\"post\" class=\"frm-show-form \" id=\"form_1ps1o2522\"  >\n<div class=\"frm_form_fields \">\n<fieldset>\n<legend class=\"frm_hidden\">Offrir | Bon cadeau Dimension 3 [EN]<\/legend>\r\n\r\n<div class=\"frm_fields_container\">\n<input type=\"hidden\" name=\"frm_action\" value=\"create\" \/>\n<input type=\"hidden\" name=\"form_id\" value=\"18\" \/>\n<input type=\"hidden\" name=\"frm_hide_fields_18\" id=\"frm_hide_fields_18\" value=\"\" \/>\n<input type=\"hidden\" name=\"form_key\" value=\"1ps1o2522\" \/>\n<input type=\"hidden\" name=\"item_meta[0]\" value=\"\" \/>\n<input type=\"hidden\" id=\"frm_submit_entry_18\" name=\"frm_submit_entry_18\" value=\"52ed754d3f\" \/><input type=\"hidden\" name=\"_wp_http_referer\" value=\"\/18dim3\/en\/wp-json\/wp\/v2\/pages\/6579\" \/><div id=\"frm_field_221_container\" class=\"frm_form_field form-field  frm_required_field frm_top_container frm_first frm_half\">\r\n    <label for=\"field_riicx62\" class=\"frm_primary_label\">First Name\r\n        <span class=\"frm_required\">*<\/span>\r\n    <\/label>\r\n    <input type=\"text\" id=\"field_riicx62\" name=\"item_meta[221]\" value=\"\"  data-reqmsg=\"Ce champ est obligatoire.\" aria-required=\"true\" data-invmsg=\"Pr\u00e9nom est non valide\" aria-invalid=\"false\"  \/>\r\n    \r\n    \r\n<\/div>\n<div id=\"frm_field_222_container\" class=\"frm_form_field form-field  frm_required_field frm_top_container frm_first frm_half\">\r\n    <label for=\"field_pypc662\" class=\"frm_primary_label\">Name\r\n        <span class=\"frm_required\">*<\/span>\r\n    <\/label>\r\n    <input type=\"text\" id=\"field_pypc662\" name=\"item_meta[222]\" value=\"\"  data-reqmsg=\"Ce champ est obligatoire.\" aria-required=\"true\" data-invmsg=\"Nom est non valide\" aria-invalid=\"false\"  \/>\r\n    \r\n    \r\n<\/div>\n<div id=\"frm_field_223_container\" class=\"frm_form_field form-field  frm_required_field frm_top_container frm_first frm_half\">\r\n    <label for=\"field_zynl962\" class=\"frm_primary_label\">Email\r\n        <span class=\"frm_required\">*<\/span>\r\n    <\/label>\r\n    <input type=\"email\" id=\"field_zynl962\" name=\"item_meta[223]\" value=\"\"  data-reqmsg=\"Ce champ est obligatoire.\" aria-required=\"true\" data-invmsg=\"Adresse e-mail est non valide\" aria-invalid=\"false\"  \/>\r\n    \r\n    \r\n<\/div>\n<div id=\"frm_field_224_container\" class=\"frm_form_field form-field  frm_required_field frm_top_container frm_first frm_half\">\r\n    <label for=\"field_oa41962\" class=\"frm_primary_label\">Mobile phone number\r\n        <span class=\"frm_required\">*<\/span>\r\n    <\/label>\r\n    <input type=\"text\" id=\"field_oa41962\" name=\"item_meta[224]\" value=\"\"  data-reqmsg=\"Ce champ est obligatoire.\" aria-required=\"true\" data-invmsg=\"Num\u00e9ro de t\u00e9l\u00e9phone mobile est non valide\" aria-invalid=\"false\"  \/>\r\n    \r\n    \r\n<\/div>\n<div id=\"frm_field_225_container\" class=\"frm_form_field form-field  frm_top_container frm_first frm_half\">\r\n    <label for=\"field_wi2j862\" class=\"frm_primary_label\">Address: street\r\n        <span class=\"frm_required\"><\/span>\r\n    <\/label>\r\n    <input type=\"text\" id=\"field_wi2j862\" name=\"item_meta[225]\" value=\"\"  data-invmsg=\"Adresse : rue est non valide\" aria-invalid=\"false\"  \/>\r\n    \r\n    \r\n<\/div>\n<div id=\"frm_field_226_container\" class=\"frm_form_field form-field  frm_top_container frm_half\">\r\n    <label for=\"field_l8u0062\" class=\"frm_primary_label\">Address: city\r\n        <span class=\"frm_required\"><\/span>\r\n    <\/label>\r\n    <input type=\"text\" id=\"field_l8u0062\" name=\"item_meta[226]\" value=\"\"  data-invmsg=\"Adresse : ville est non valide\" aria-invalid=\"false\"  \/>\r\n    \r\n    \r\n<\/div>\n<div id=\"frm_field_227_container\" class=\"frm_form_field form-field  frm_required_field frm_top_container frm_first frm_third\">\r\n    <label for=\"field_zz39332\" class=\"frm_primary_label\">Choose your formula\r\n        <span class=\"frm_required\">*<\/span>\r\n    <\/label>\r\n    \t\t<select name=\"item_meta[227]\" id=\"field_zz39332\"  data-reqmsg=\"Ce champ est obligatoire.\" aria-required=\"true\" data-invmsg=\"Choose your formula is invalid\" aria-invalid=\"false\"  >\n\t\t\t\t<option value=\"\"  selected=\"selected\" class=\"\">\n\t\t\t \t\t<\/option>\n\t\t\t<option value=\"Paragliding Tandem Flight &quot;Discovery&quot;: 150 CHF\"  class=\"\">\n\t\t\tParagliding Tandem Flight &quot;Discovery&quot;: 150 CHF\t\t<\/option>\n\t\t\t<option value=\"Paragliding Tandem Flight &quot;Prestige&quot;: 220 CHF\"  class=\"\">\n\t\t\tParagliding Tandem Flight &quot;Prestige&quot;: 220 CHF\t\t<\/option>\n\t\t\t<option value=\"Paragliding Tandem Flight &quot;P\u00e9dagogique&quot;: 220 CHF\"  class=\"\">\n\t\t\tParagliding Tandem Flight &quot;P\u00e9dagogique&quot;: 220 CHF\t\t<\/option>\n\t\t<\/select>\n\t\r\n    \r\n    \r\n<\/div>\n<div id=\"frm_field_228_container\" class=\"frm_form_field form-field  frm_top_container frm_two_thirds\">\r\n    <label for=\"field_dbwqy62\" class=\"frm_primary_label\">Your message \r\n        <span class=\"frm_required\"><\/span>\r\n    <\/label>\r\n    <textarea name=\"item_meta[228]\" id=\"field_dbwqy62\" rows=\"5\"  data-frmval=\"Write your request here. If your choice is not well defined, we will call you back to advise you.\" data-invmsg=\"Your message  is invalid\" aria-invalid=\"false\"  >Write your request here. If your choice is not well defined, we will call you back to advise you.<\/textarea>\r\n    \r\n    \r\n<\/div>\n<div id=\"frm_field_229_container\" class=\"frm_form_field form-field  frm_top_container frm_first frm_third\">\r\n    <label for=\"field_9hmj3\" class=\"frm_primary_label\">Promo Code\r\n        <span class=\"frm_required\"><\/span>\r\n    <\/label>\r\n    <input type=\"text\" id=\"field_9hmj3\" name=\"item_meta[229]\" value=\"\"  maxlength=\"24\" data-invmsg=\"Code Promo est non valide\" aria-invalid=\"false\"  \/>\r\n    \r\n    \r\n<\/div>\n<div id=\"frm_field_230_container\" class=\"frm_form_field form-field  frm_top_container frm_first frm_third\">\r\n    <label for=\"field_htr1s62\" class=\"frm_primary_label\">How did you hear about us?\r\n        <span class=\"frm_required\"><\/span>\r\n    <\/label>\r\n    \t\t<select name=\"item_meta[230]\" id=\"field_htr1s62\"  data-invmsg=\"How did you hear about us? is invalid\" aria-invalid=\"false\"  >\n\t\t\t\t<option value=\"\"  selected=\"selected\" class=\"\">\n\t\t\t \t\t<\/option>\n\t\t\t<option value=\"Word of mouth\"  class=\"\">\n\t\t\tWord of mouth\t\t<\/option>\n\t\t\t<option value=\"Press, newspapers, media\"  class=\"\">\n\t\t\tPress, newspapers, media\t\t<\/option>\n\t\t\t<option value=\"Tourist Office\"  class=\"\">\n\t\t\tTourist Office\t\t<\/option>\n\t\t\t<option value=\"Internet search\"  class=\"\">\n\t\t\tInternet search\t\t<\/option>\n\t\t\t<option value=\"Purchase of Gift Box\"  class=\"\">\n\t\t\tPurchase of Gift Box\t\t<\/option>\n\t\t\t<option value=\"Other\"  class=\"\">\n\t\t\tOther\t\t<\/option>\n\t\t<\/select>\n\t\r\n    \r\n    \r\n<\/div>\n<div id=\"frm_field_231_container\" class=\"frm_form_field form-field  frm_top_container\">\r\n    <label for=\"g-recaptcha-response\" class=\"frm_primary_label\">reCAPTCHA\r\n        <span class=\"frm_required\"><\/span>\r\n    <\/label>\r\n    <div id=\"field_6wxli62\" class=\"g-recaptcha\" data-sitekey=\"6LdcpgwUAAAAABx5zI5rAZJDztHcZB1pUFgwxnzB\" data-size=\"normal\" data-theme=\"light\"><\/div>\r\n    \r\n    \r\n<\/div>\n\t<input type=\"hidden\" name=\"item_key\" value=\"\" \/>\n\t<div class=\"frm_submit\">\r\n\r\n<input type=\"submit\" value=\"Send\"  \/>\r\n<img class=\"frm_ajax_loading\" src=\"https:\/\/www.dimension-3.ch\/18dim3\/wp-content\/plugins\/formidable\/images\/ajax_loader.gif\" alt=\"Envoi\"\/>\r\n\r\n<\/div><\/div>\n<\/fieldset>\n<\/div>\n<\/form>\n<\/div>\n\n                    <div class=\"clear\"><\/div>\r\n                <\/div>\r\n            <\/div>\r\n            <div class=\"clear\"><\/div>\r\n\n","protected":false},"excerpt":{"rendered":"Offer gift vouchers Dimensions 3 Offer a tandem paragliding flight to Villars-sur-Ollon! A gift? A birthday, an event? Offer an aerial emotional sequence, for an exceptional 3D experience! Offer a Dimension 3 gift voucher for a tandem flight! What flight? Choose from our formulas: the Discovery flight or the Prestige flight. As for the pedagogical two-seater flight, it will be","protected":false},"author":7,"featured_media":0,"parent":7016,"menu_order":0,"comment_status":"closed","ping_status":"closed","template":"page-FullWidth.php","meta":[],"yoast_head":"<!-- This site is optimized with the Yoast SEO plugin v17.5 - https:\/\/yoast.com\/wordpress\/plugins\/seo\/ -->\n<title>Offer a Dimension 3 gift voucher for a tandem paragliding flight<\/title>\n<meta name=\"description\" content=\"Offer a Dimension 3 gift voucher for tandem paragliding flight in Villars-sur-Ollon for a birthday, an BP\u2026\" \/>\n<meta name=\"robots\" content=\"index, follow, max-snippet:-1, max-image-preview:large, max-video-preview:-1\" \/>\n<link rel=\"canonical\" href=\"https:\/\/www.dimension-3.ch\/18dim3\/en\/booking\/offer-a-dimension-3-gift-voucher-for-a-tandem-paragliding-flight\/\" \/>\n<meta property=\"og:locale\" content=\"en_US\" \/>\n<meta property=\"og:type\" content=\"article\" \/>\n<meta property=\"og:title\" content=\"Offer a Dimension 3 gift voucher for a tandem paragliding flight\" \/>\n<meta property=\"og:description\" content=\"Offer a Dimension 3 gift voucher for tandem paragliding flight in Villars-sur-Ollon for a birthday, an BP\u2026\" \/>\n<meta property=\"og:url\" content=\"https:\/\/www.dimension-3.ch\/18dim3\/en\/booking\/offer-a-dimension-3-gift-voucher-for-a-tandem-paragliding-flight\/\" \/>\n<meta property=\"og:site_name\" content=\"Dimension 3 | Vols biplace tandem et \u00e9cole de parapente \u00e0 Villars sur Ollon\" \/>\n<meta property=\"article:publisher\" content=\"https:\/\/www.facebook.com\/dimension3parapente\/\" \/>\n<meta property=\"article:modified_time\" content=\"2019-03-02T14:40:06+00:00\" \/>\n<meta property=\"og:image\" content=\"https:\/\/www.dimension-3.ch\/18dim3\/wp-content\/uploads\/170320-website-Dimension-3.png\" \/>\n\t<meta property=\"og:image:width\" content=\"1573\" \/>\n\t<meta property=\"og:image:height\" content=\"827\" \/>\n<meta name=\"twitter:card\" content=\"summary\" \/>\n<meta name=\"twitter:label1\" content=\"Est. reading time\" \/>\n\t<meta name=\"twitter:data1\" content=\"1 minute\" \/>\n<script type=\"application\/ld+json\" class=\"yoast-schema-graph\">{\"@context\":\"https:\/\/schema.org\",\"@graph\":[{\"@type\":\"WebSite\",\"@id\":\"https:\/\/www.dimension-3.ch\/18dim3\/#website\",\"url\":\"https:\/\/www.dimension-3.ch\/18dim3\/\",\"name\":\"Dimension 3 | Vols biplace tandem et \\u00e9cole de parapente \\u00e0 Villars sur Ollon\",\"description\":\"Tandem flights and paragliding school in Villars-sur-Ollon\",\"potentialAction\":[{\"@type\":\"SearchAction\",\"target\":{\"@type\":\"EntryPoint\",\"urlTemplate\":\"https:\/\/www.dimension-3.ch\/18dim3\/?s={search_term_string}\"},\"query-input\":\"required name=search_term_string\"}],\"inLanguage\":\"en-US\"},{\"@type\":\"WebPage\",\"@id\":\"https:\/\/www.dimension-3.ch\/18dim3\/en\/booking\/offer-a-dimension-3-gift-voucher-for-a-tandem-paragliding-flight\/#webpage\",\"url\":\"https:\/\/www.dimension-3.ch\/18dim3\/en\/booking\/offer-a-dimension-3-gift-voucher-for-a-tandem-paragliding-flight\/\",\"name\":\"Offer a Dimension 3 gift voucher for a tandem paragliding flight\",\"isPartOf\":{\"@id\":\"https:\/\/www.dimension-3.ch\/18dim3\/#website\"},\"datePublished\":\"2016-12-10T23:26:19+00:00\",\"dateModified\":\"2019-03-02T14:40:06+00:00\",\"description\":\"Offer a Dimension 3 gift voucher for tandem paragliding flight in Villars-sur-Ollon for a birthday, an BP\\u2026\",\"breadcrumb\":{\"@id\":\"https:\/\/www.dimension-3.ch\/18dim3\/en\/booking\/offer-a-dimension-3-gift-voucher-for-a-tandem-paragliding-flight\/#breadcrumb\"},\"inLanguage\":\"en-US\",\"potentialAction\":[{\"@type\":\"ReadAction\",\"target\":[\"https:\/\/www.dimension-3.ch\/18dim3\/en\/booking\/offer-a-dimension-3-gift-voucher-for-a-tandem-paragliding-flight\/\"]}]},{\"@type\":\"BreadcrumbList\",\"@id\":\"https:\/\/www.dimension-3.ch\/18dim3\/en\/booking\/offer-a-dimension-3-gift-voucher-for-a-tandem-paragliding-flight\/#breadcrumb\",\"itemListElement\":[{\"@type\":\"ListItem\",\"position\":1,\"name\":\"Home\",\"item\":\"https:\/\/www.dimension-3.ch\/18dim3\/en\/\"},{\"@type\":\"ListItem\",\"position\":2,\"name\":\"Booking\",\"item\":\"https:\/\/www.dimension-3.ch\/18dim3\/en\/booking\/\"},{\"@type\":\"ListItem\",\"position\":3,\"name\":\"Offer a Dimension 3 gift voucher for a tandem paragliding flight\"}]}]}<\/script>\n<!-- \/ Yoast SEO plugin. -->","yoast_head_json":{"title":"Offer a Dimension 3 gift voucher for a tandem paragliding flight","description":"Offer a Dimension 3 gift voucher for tandem paragliding flight in Villars-sur-Ollon for a birthday, an BP\u2026","robots":{"index":"index","follow":"follow","max-snippet":"max-snippet:-1","max-image-preview":"max-image-preview:large","max-video-preview":"max-video-preview:-1"},"canonical":"https:\/\/www.dimension-3.ch\/18dim3\/en\/booking\/offer-a-dimension-3-gift-voucher-for-a-tandem-paragliding-flight\/","og_locale":"en_US","og_type":"article","og_title":"Offer a Dimension 3 gift voucher for a tandem paragliding flight","og_description":"Offer a Dimension 3 gift voucher for tandem paragliding flight in Villars-sur-Ollon for a birthday, an BP\u2026","og_url":"https:\/\/www.dimension-3.ch\/18dim3\/en\/booking\/offer-a-dimension-3-gift-voucher-for-a-tandem-paragliding-flight\/","og_site_name":"Dimension 3 | Vols biplace tandem et \u00e9cole de parapente \u00e0 Villars sur Ollon","article_publisher":"https:\/\/www.facebook.com\/dimension3parapente\/","article_modified_time":"2019-03-02T14:40:06+00:00","og_image":[{"width":1573,"height":827,"url":"https:\/\/www.dimension-3.ch\/18dim3\/wp-content\/uploads\/170320-website-Dimension-3.png","type":"image\/png"}],"twitter_card":"summary","twitter_misc":{"Est. reading time":"1 minute"},"schema":{"@context":"https:\/\/schema.org","@graph":[{"@type":"WebSite","@id":"https:\/\/www.dimension-3.ch\/18dim3\/#website","url":"https:\/\/www.dimension-3.ch\/18dim3\/","name":"Dimension 3 | Vols biplace tandem et \u00e9cole de parapente \u00e0 Villars sur Ollon","description":"Tandem flights and paragliding school in Villars-sur-Ollon","potentialAction":[{"@type":"SearchAction","target":{"@type":"EntryPoint","urlTemplate":"https:\/\/www.dimension-3.ch\/18dim3\/?s={search_term_string}"},"query-input":"required name=search_term_string"}],"inLanguage":"en-US"},{"@type":"WebPage","@id":"https:\/\/www.dimension-3.ch\/18dim3\/en\/booking\/offer-a-dimension-3-gift-voucher-for-a-tandem-paragliding-flight\/#webpage","url":"https:\/\/www.dimension-3.ch\/18dim3\/en\/booking\/offer-a-dimension-3-gift-voucher-for-a-tandem-paragliding-flight\/","name":"Offer a Dimension 3 gift voucher for a tandem paragliding flight","isPartOf":{"@id":"https:\/\/www.dimension-3.ch\/18dim3\/#website"},"datePublished":"2016-12-10T23:26:19+00:00","dateModified":"2019-03-02T14:40:06+00:00","description":"Offer a Dimension 3 gift voucher for tandem paragliding flight in Villars-sur-Ollon for a birthday, an BP\u2026","breadcrumb":{"@id":"https:\/\/www.dimension-3.ch\/18dim3\/en\/booking\/offer-a-dimension-3-gift-voucher-for-a-tandem-paragliding-flight\/#breadcrumb"},"inLanguage":"en-US","potentialAction":[{"@type":"ReadAction","target":["https:\/\/www.dimension-3.ch\/18dim3\/en\/booking\/offer-a-dimension-3-gift-voucher-for-a-tandem-paragliding-flight\/"]}]},{"@type":"BreadcrumbList","@id":"https:\/\/www.dimension-3.ch\/18dim3\/en\/booking\/offer-a-dimension-3-gift-voucher-for-a-tandem-paragliding-flight\/#breadcrumb","itemListElement":[{"@type":"ListItem","position":1,"name":"Home","item":"https:\/\/www.dimension-3.ch\/18dim3\/en\/"},{"@type":"ListItem","position":2,"name":"Booking","item":"https:\/\/www.dimension-3.ch\/18dim3\/en\/booking\/"},{"@type":"ListItem","position":3,"name":"Offer a Dimension 3 gift voucher for a tandem paragliding flight"}]}]}},"_links":{"self":[{"href":"https:\/\/www.dimension-3.ch\/18dim3\/en\/wp-json\/wp\/v2\/pages\/6579"}],"collection":[{"href":"https:\/\/www.dimension-3.ch\/18dim3\/en\/wp-json\/wp\/v2\/pages"}],"about":[{"href":"https:\/\/www.dimension-3.ch\/18dim3\/en\/wp-json\/wp\/v2\/types\/page"}],"author":[{"embeddable":true,"href":"https:\/\/www.dimension-3.ch\/18dim3\/en\/wp-json\/wp\/v2\/users\/7"}],"replies":[{"embeddable":true,"href":"https:\/\/www.dimension-3.ch\/18dim3\/en\/wp-json\/wp\/v2\/comments?post=6579"}],"version-history":[{"count":0,"href":"https:\/\/www.dimension-3.ch\/18dim3\/en\/wp-json\/wp\/v2\/pages\/6579\/revisions"}],"up":[{"embeddable":true,"href":"https:\/\/www.dimension-3.ch\/18dim3\/en\/wp-json\/wp\/v2\/pages\/7016"}],"wp:attachment":[{"href":"https:\/\/www.dimension-3.ch\/18dim3\/en\/wp-json\/wp\/v2\/media?parent=6579"}],"curies":[{"name":"wp","href":"https:\/\/api.w.org\/{rel}","templated":true}]}}