{"id":5,"date":"2010-09-25T00:55:17","date_gmt":"2010-09-25T00:55:17","guid":{"rendered":"https:\/\/www.dimension-3.ch\/18dim3\/?page_id=5"},"modified":"2019-03-02T15:37:18","modified_gmt":"2019-03-02T14:37:18","slug":"contact","status":"publish","type":"page","link":"https:\/\/www.dimension-3.ch\/18dim3\/contact\/","title":{"rendered":"Contact"},"content":{"rendered":"","protected":false},"excerpt":{"rendered":"","protected":false},"author":7,"featured_media":0,"parent":0,"menu_order":0,"comment_status":"closed","ping_status":"closed","template":"page-FullWidth.php","meta":[],"yoast_head":"<!-- This site is optimized with the Yoast SEO plugin v17.5 - https:\/\/yoast.com\/wordpress\/plugins\/seo\/ -->\n<title>Contact<\/title>\n<meta name=\"robots\" content=\"noindex, follow\" \/>\n<meta property=\"og:locale\" content=\"fr_FR\" \/>\n<meta property=\"og:type\" content=\"article\" \/>\n<meta property=\"og:title\" content=\"Contact\" \/>\n<meta property=\"og:url\" content=\"https:\/\/www.dimension-3.ch\/18dim3\/contact\/\" \/>\n<meta property=\"og:site_name\" content=\"Dimension 3 | Vols biplace tandem et \u00e9cole de parapente \u00e0 Villars sur Ollon\" \/>\n<meta property=\"article:publisher\" content=\"https:\/\/www.facebook.com\/dimension3parapente\/\" \/>\n<meta property=\"article:modified_time\" content=\"2019-03-02T14:37:18+00:00\" \/>\n<meta property=\"og:image\" content=\"https:\/\/www.dimension-3.ch\/18dim3\/wp-content\/uploads\/170320-website-Dimension-3.png\" \/>\n\t<meta property=\"og:image:width\" content=\"1573\" \/>\n\t<meta property=\"og:image:height\" content=\"827\" \/>\n<meta name=\"twitter:card\" content=\"summary\" \/>\n<script type=\"application\/ld+json\" class=\"yoast-schema-graph\">{\"@context\":\"https:\/\/schema.org\",\"@graph\":[{\"@type\":\"WebSite\",\"@id\":\"https:\/\/www.dimension-3.ch\/18dim3\/#website\",\"url\":\"https:\/\/www.dimension-3.ch\/18dim3\/\",\"name\":\"Dimension 3 | Vols biplace tandem et \\u00e9cole de parapente \\u00e0 Villars sur Ollon\",\"description\":\"Vols tandem et \\u00e9cole de parapente \\u00e0 Villars sur Ollon\",\"potentialAction\":[{\"@type\":\"SearchAction\",\"target\":{\"@type\":\"EntryPoint\",\"urlTemplate\":\"https:\/\/www.dimension-3.ch\/18dim3\/?s={search_term_string}\"},\"query-input\":\"required name=search_term_string\"}],\"inLanguage\":\"fr-FR\"},{\"@type\":\"WebPage\",\"@id\":\"https:\/\/www.dimension-3.ch\/18dim3\/contact\/#webpage\",\"url\":\"https:\/\/www.dimension-3.ch\/18dim3\/contact\/\",\"name\":\"Contact\",\"isPartOf\":{\"@id\":\"https:\/\/www.dimension-3.ch\/18dim3\/#website\"},\"datePublished\":\"2010-09-25T00:55:17+00:00\",\"dateModified\":\"2019-03-02T14:37:18+00:00\",\"breadcrumb\":{\"@id\":\"https:\/\/www.dimension-3.ch\/18dim3\/contact\/#breadcrumb\"},\"inLanguage\":\"fr-FR\",\"potentialAction\":[{\"@type\":\"ReadAction\",\"target\":[\"https:\/\/www.dimension-3.ch\/18dim3\/contact\/\"]}]},{\"@type\":\"BreadcrumbList\",\"@id\":\"https:\/\/www.dimension-3.ch\/18dim3\/contact\/#breadcrumb\",\"itemListElement\":[{\"@type\":\"ListItem\",\"position\":1,\"name\":\"Home\",\"item\":\"https:\/\/www.dimension-3.ch\/18dim3\/\"},{\"@type\":\"ListItem\",\"position\":2,\"name\":\"Contact\"}]}]}<\/script>\n<!-- \/ Yoast SEO plugin. -->","yoast_head_json":{"title":"Contact","robots":{"index":"noindex","follow":"follow"},"og_locale":"fr_FR","og_type":"article","og_title":"Contact","og_url":"https:\/\/www.dimension-3.ch\/18dim3\/contact\/","og_site_name":"Dimension 3 | Vols biplace tandem et \u00e9cole de parapente \u00e0 Villars sur Ollon","article_publisher":"https:\/\/www.facebook.com\/dimension3parapente\/","article_modified_time":"2019-03-02T14:37:18+00:00","og_image":[{"width":1573,"height":827,"url":"https:\/\/www.dimension-3.ch\/18dim3\/wp-content\/uploads\/170320-website-Dimension-3.png","type":"image\/png"}],"twitter_card":"summary","schema":{"@context":"https:\/\/schema.org","@graph":[{"@type":"WebSite","@id":"https:\/\/www.dimension-3.ch\/18dim3\/#website","url":"https:\/\/www.dimension-3.ch\/18dim3\/","name":"Dimension 3 | Vols biplace tandem et \u00e9cole de parapente \u00e0 Villars sur Ollon","description":"Vols tandem et \u00e9cole de parapente \u00e0 Villars sur Ollon","potentialAction":[{"@type":"SearchAction","target":{"@type":"EntryPoint","urlTemplate":"https:\/\/www.dimension-3.ch\/18dim3\/?s={search_term_string}"},"query-input":"required name=search_term_string"}],"inLanguage":"fr-FR"},{"@type":"WebPage","@id":"https:\/\/www.dimension-3.ch\/18dim3\/contact\/#webpage","url":"https:\/\/www.dimension-3.ch\/18dim3\/contact\/","name":"Contact","isPartOf":{"@id":"https:\/\/www.dimension-3.ch\/18dim3\/#website"},"datePublished":"2010-09-25T00:55:17+00:00","dateModified":"2019-03-02T14:37:18+00:00","breadcrumb":{"@id":"https:\/\/www.dimension-3.ch\/18dim3\/contact\/#breadcrumb"},"inLanguage":"fr-FR","potentialAction":[{"@type":"ReadAction","target":["https:\/\/www.dimension-3.ch\/18dim3\/contact\/"]}]},{"@type":"BreadcrumbList","@id":"https:\/\/www.dimension-3.ch\/18dim3\/contact\/#breadcrumb","itemListElement":[{"@type":"ListItem","position":1,"name":"Home","item":"https:\/\/www.dimension-3.ch\/18dim3\/"},{"@type":"ListItem","position":2,"name":"Contact"}]}]}},"_links":{"self":[{"href":"https:\/\/www.dimension-3.ch\/18dim3\/wp-json\/wp\/v2\/pages\/5"}],"collection":[{"href":"https:\/\/www.dimension-3.ch\/18dim3\/wp-json\/wp\/v2\/pages"}],"about":[{"href":"https:\/\/www.dimension-3.ch\/18dim3\/wp-json\/wp\/v2\/types\/page"}],"author":[{"embeddable":true,"href":"https:\/\/www.dimension-3.ch\/18dim3\/wp-json\/wp\/v2\/users\/7"}],"replies":[{"embeddable":true,"href":"https:\/\/www.dimension-3.ch\/18dim3\/wp-json\/wp\/v2\/comments?post=5"}],"version-history":[{"count":0,"href":"https:\/\/www.dimension-3.ch\/18dim3\/wp-json\/wp\/v2\/pages\/5\/revisions"}],"wp:attachment":[{"href":"https:\/\/www.dimension-3.ch\/18dim3\/wp-json\/wp\/v2\/media?parent=5"}],"curies":[{"name":"wp","href":"https:\/\/api.w.org\/{rel}","templated":true}]}}